{"id":1466,"date":"2025-07-30T15:06:16","date_gmt":"2025-07-30T21:06:16","guid":{"rendered":"https:\/\/academia.uaa.mx\/congresoenfermeria\/?page_id=1466"},"modified":"2025-08-12T09:10:10","modified_gmt":"2025-08-12T15:10:10","slug":"carteles-de-investigacion-2025","status":"publish","type":"page","link":"https:\/\/academia.uaa.mx\/congresoenfermeria\/carteles-de-investigacion-2025\/","title":{"rendered":"Carteles de investigaci\u00f3n 2025"},"content":{"rendered":"<p><img loading=\"lazy\" decoding=\"async\" class=\"size-full wp-image-1306 aligncenter\" src=\"https:\/\/academia.uaa.mx\/congresoenfermeria\/wp-content\/uploads\/sites\/2\/2025\/07\/menu_carteles_investigacion2025.png\" alt=\"\" width=\"800\" height=\"200\"><\/p>\n<p style=\"text-align: center\"><span style=\"font-size: 24pt\">El XV Congreso Universitario de Enfermer\u00eda con el t\u00edtulo:<\/span><\/p>\n<p class=\"p1\" style=\"text-align: center\"><span style=\"font-family: arial, helvetica, sans-serif;font-size: 24pt\"><b>\u201cCuidar para Transformar: Avances y Desaf\u00edos en la Formaci\u00f3n y Pr\u00e1ctica de Enfermer\u00eda\u201d<\/b><\/span><\/p>\n<p><img loading=\"lazy\" decoding=\"async\" class=\"size-full wp-image-1557 aligncenter\" src=\"https:\/\/academia.uaa.mx\/congresoenfermeria\/wp-content\/uploads\/sites\/2\/2025\/08\/WhatsApp-Image-2025-08-12-at-8.59.10-AM.jpeg\" alt=\"\" width=\"720\" height=\"1280\" srcset=\"https:\/\/academia.uaa.mx\/congresoenfermeria\/wp-content\/uploads\/sites\/2\/2025\/08\/WhatsApp-Image-2025-08-12-at-8.59.10-AM.jpeg 720w, https:\/\/academia.uaa.mx\/congresoenfermeria\/wp-content\/uploads\/sites\/2\/2025\/08\/WhatsApp-Image-2025-08-12-at-8.59.10-AM-169x300.jpeg 169w, https:\/\/academia.uaa.mx\/congresoenfermeria\/wp-content\/uploads\/sites\/2\/2025\/08\/WhatsApp-Image-2025-08-12-at-8.59.10-AM-576x1024.jpeg 576w\" sizes=\"auto, (max-width: 720px) 100vw, 720px\" \/><\/p>\n<p style=\"text-align: center\"><span style=\"font-family: arial, helvetica, sans-serif;font-size: 18pt\">El Departamento de Enfermer\u00eda, el Centro de Ciencias de la Salud y la Benem\u00e9rita Universidad Aut\u00f3noma de Aguascalientes, agradecen su participaci\u00f3n y registro de Carteles para nuestro Congreso.<\/span><\/p>\n<p>&nbsp;<\/p>\n<p>&nbsp;<\/p>\n","protected":false},"excerpt":{"rendered":"<p>El XV Congreso Universitario de Enfermer\u00eda con el t\u00edtulo: \u201cCuidar para Transformar: Avances y Desaf\u00edos en la Formaci\u00f3n y Pr\u00e1ctica<\/p>\n","protected":false},"author":3,"featured_media":0,"parent":0,"menu_order":0,"comment_status":"closed","ping_status":"closed","template":"","meta":{"_acf_changed":false,"colormag_page_container_layout":"default_layout","colormag_page_sidebar_layout":"default_layout","ngg_post_thumbnail":0,"footnotes":""},"class_list":["post-1466","page","type-page","status-publish","hentry"],"acf":[],"_links":{"self":[{"href":"https:\/\/academia.uaa.mx\/congresoenfermeria\/wp-json\/wp\/v2\/pages\/1466","targetHints":{"allow":["GET"]}}],"collection":[{"href":"https:\/\/academia.uaa.mx\/congresoenfermeria\/wp-json\/wp\/v2\/pages"}],"about":[{"href":"https:\/\/academia.uaa.mx\/congresoenfermeria\/wp-json\/wp\/v2\/types\/page"}],"author":[{"embeddable":true,"href":"https:\/\/academia.uaa.mx\/congresoenfermeria\/wp-json\/wp\/v2\/users\/3"}],"replies":[{"embeddable":true,"href":"https:\/\/academia.uaa.mx\/congresoenfermeria\/wp-json\/wp\/v2\/comments?post=1466"}],"version-history":[{"count":7,"href":"https:\/\/academia.uaa.mx\/congresoenfermeria\/wp-json\/wp\/v2\/pages\/1466\/revisions"}],"predecessor-version":[{"id":1562,"href":"https:\/\/academia.uaa.mx\/congresoenfermeria\/wp-json\/wp\/v2\/pages\/1466\/revisions\/1562"}],"wp:attachment":[{"href":"https:\/\/academia.uaa.mx\/congresoenfermeria\/wp-json\/wp\/v2\/media?parent=1466"}],"curies":[{"name":"wp","href":"https:\/\/api.w.org\/{rel}","templated":true}]}}