{"id":1742,"date":"2025-09-24T11:00:21","date_gmt":"2025-09-24T17:00:21","guid":{"rendered":"https:\/\/academia.uaa.mx\/congresoenfermeria\/?page_id=1742"},"modified":"2025-10-14T09:50:34","modified_gmt":"2025-10-14T15:50:34","slug":"cue2025-constancias-septimo-semestre","status":"publish","type":"page","link":"https:\/\/academia.uaa.mx\/congresoenfermeria\/cue2025-constancias-septimo-semestre\/","title":{"rendered":"CUE2025 Constancias S\u00e9ptimo Semestre"},"content":{"rendered":"<p>Descargar Constancias del CUE 2025:<\/p>\n<p>S\u00c9PTIMO SEMESTRE<\/p>\n<p>Grupo A<\/p>\n<p><a href=\"https:\/\/academia.uaa.mx\/congresoenfermeria\/wp-content\/uploads\/sites\/2\/2025\/09\/AGUILERA-AILIN.pdf\">AGUILERA AILIN<\/a><\/p>\n<p><a href=\"https:\/\/academia.uaa.mx\/congresoenfermeria\/wp-content\/uploads\/sites\/2\/2025\/09\/ALVAREZ-MARTINEZ-ALONDRA.pdf\">ALVAREZ MARTINEZ ALONDRA<\/a><\/p>\n<p><a href=\"https:\/\/academia.uaa.mx\/congresoenfermeria\/wp-content\/uploads\/sites\/2\/2025\/09\/BARBOSA-REYES-DIEGO-ALESSANDRO.pdf\">BARBOSA REYES DIEGO ALESSANDRO<\/a><\/p>\n<p><a href=\"https:\/\/academia.uaa.mx\/congresoenfermeria\/wp-content\/uploads\/sites\/2\/2025\/09\/CASTANEDA-HERNANDEZ-LILIANA-CAROLINA.pdf\">CASTA\u00d1EDA HERNANDEZ LILIANA CAROLINA<\/a><\/p>\n<p><a href=\"https:\/\/academia.uaa.mx\/congresoenfermeria\/wp-content\/uploads\/sites\/2\/2025\/09\/CASTANEDA-MUNOZ-CAMILA.pdf\">CASTA\u00d1EDA MU\u00d1OZ CAMILA<\/a><\/p>\n<p><a href=\"https:\/\/academia.uaa.mx\/congresoenfermeria\/wp-content\/uploads\/sites\/2\/2025\/09\/CRUZ-ESPARZA-JAZMIN.pdf\">CRUZ ESPARZA JAZMIN<\/a><\/p>\n<p><a href=\"https:\/\/academia.uaa.mx\/congresoenfermeria\/wp-content\/uploads\/sites\/2\/2025\/09\/CRUZ-OJEDA-JESUS-EMMANUEL.pdf\">CRUZ OJEDA JESUS EMMANUEL<\/a><\/p>\n<p><a href=\"https:\/\/academia.uaa.mx\/congresoenfermeria\/wp-content\/uploads\/sites\/2\/2025\/09\/ESPARZA-MONTOYA-JESSICA-GUADALUPE.pdf\">ESPARZA MONTOYA JESSICA GUADALUPE<\/a><\/p>\n<p><a href=\"https:\/\/academia.uaa.mx\/congresoenfermeria\/wp-content\/uploads\/sites\/2\/2025\/09\/GOMEZ-RODRIGUEZ-GERALDINE.pdf\">GOMEZ RODRIGUEZ GERALDINE<\/a><\/p>\n<p><a href=\"https:\/\/academia.uaa.mx\/congresoenfermeria\/wp-content\/uploads\/sites\/2\/2025\/09\/HERNANDEZ-FLORES-JESSICA-VALERIA.pdf\">HERNANDEZ FLORES JESSICA VALERIA<\/a><\/p>\n<p><a href=\"https:\/\/academia.uaa.mx\/congresoenfermeria\/wp-content\/uploads\/sites\/2\/2025\/09\/HERNANDEZ-MARTINEZ-VIANNEY-MONTSERRAT.pdf\">HERNANDEZ MARTINEZ VIANNEY MONTSERRAT<\/a><\/p>\n<p><a href=\"https:\/\/academia.uaa.mx\/congresoenfermeria\/wp-content\/uploads\/sites\/2\/2025\/09\/LAZARIN-DE-LA-ROSA-MONTSERRAT.pdf\">LAZARIN DE LA ROSA MONTSERRAT<\/a><\/p>\n<p><a href=\"https:\/\/academia.uaa.mx\/congresoenfermeria\/wp-content\/uploads\/sites\/2\/2025\/09\/Macias-Cecilia.pdf\">MACIAS CECILIA<\/a><\/p>\n<p><a href=\"https:\/\/academia.uaa.mx\/congresoenfermeria\/wp-content\/uploads\/sites\/2\/2025\/09\/MACIAS-GONZALEZ-LESLIE-MICHELLE.pdf\">MACIAS GONZALEZ LESLIE MICHELLE<\/a><\/p>\n<p><a href=\"https:\/\/academia.uaa.mx\/congresoenfermeria\/wp-content\/uploads\/sites\/2\/2025\/09\/MARTINEZ-CAMPOS-JOSE-ANGEL.pdf\">MARTINEZ CAMPOS JOSE ANGEL<\/a><\/p>\n<p><a href=\"https:\/\/academia.uaa.mx\/congresoenfermeria\/wp-content\/uploads\/sites\/2\/2025\/09\/MEJIA-RUIZ-ESPARZA-CECILIA.pdf\">MEJIA RUIZ ESPARZA CECILIA<\/a><\/p>\n<p><a href=\"https:\/\/academia.uaa.mx\/congresoenfermeria\/wp-content\/uploads\/sites\/2\/2025\/09\/PEREZ-HERNANDEZ-FABIOLA.pdf\">PEREZ HERNANDEZ FABIOLA<\/a><\/p>\n<p><a href=\"https:\/\/academia.uaa.mx\/congresoenfermeria\/wp-content\/uploads\/sites\/2\/2025\/09\/PONCE-PEREZ-ALEJANDRA.pdf\">PONCE PEREZ ALEJANDRA<\/a><\/p>\n<p><a href=\"https:\/\/academia.uaa.mx\/congresoenfermeria\/wp-content\/uploads\/sites\/2\/2025\/09\/REYES-CASTILLO-DIANA.pdf\">REYES CASTILLO DIANA<\/a><\/p>\n<p><a href=\"https:\/\/academia.uaa.mx\/congresoenfermeria\/wp-content\/uploads\/sites\/2\/2025\/09\/ROMERO-MARMOLEJO-JOSHUA-ANDRE.pdf\">ROMERO MARMOLEJO JOSHUA ANDRE<\/a><\/p>\n<p><a href=\"https:\/\/academia.uaa.mx\/congresoenfermeria\/wp-content\/uploads\/sites\/2\/2025\/09\/SALAS-DAVILA-JACQUELINE-DEL-ROCIO.pdf\">SALAS DAVILA JACQUELINE DEL ROCIO<\/a><\/p>\n<p><a href=\"https:\/\/academia.uaa.mx\/congresoenfermeria\/wp-content\/uploads\/sites\/2\/2025\/09\/SALAZAR-LOZANO-MARISOL.pdf\">SALAZAR LOZANO MARISOL<\/a><\/p>\n<p><a href=\"https:\/\/academia.uaa.mx\/congresoenfermeria\/wp-content\/uploads\/sites\/2\/2025\/09\/SANDOVAL-LIZETH-GERALDINE.pdf\">SANDOVAL LIZETH GERALDINE<\/a><\/p>\n<p><a href=\"https:\/\/academia.uaa.mx\/congresoenfermeria\/wp-content\/uploads\/sites\/2\/2025\/09\/SOTO-SANCHEZ-LESLY-DANIELA.pdf\">SOTO SANCHEZ LESLY DANIELA<\/a><\/p>\n<p><a href=\"https:\/\/academia.uaa.mx\/congresoenfermeria\/wp-content\/uploads\/sites\/2\/2025\/09\/VERDIN-LOPEZ-ANA-YANETH.pdf\">VERDIN LOPEZ ANA YANETH<\/a><\/p>\n<p><a href=\"https:\/\/academia.uaa.mx\/congresoenfermeria\/wp-content\/uploads\/sites\/2\/2025\/09\/VILLAMIL-QUIROZ-ITZAMNA.pdf\">VILLAMIL QUIROZ ITZAMNA<\/a><\/p>\n<p><em>Faltantes:<\/em><\/p>\n<p><a href=\"https:\/\/academia.uaa.mx\/congresoenfermeria\/wp-content\/uploads\/sites\/2\/2025\/10\/7_A_270305_GONZALEZ-ESPARZA-ANDREA.pdf\">7_A_270305_GONZALEZ ESPARZA ANDREA<\/a><\/p>\n<p><a href=\"https:\/\/academia.uaa.mx\/congresoenfermeria\/wp-content\/uploads\/sites\/2\/2025\/10\/7_A_281865_GUTIERREZ-LLAMAS-KASSANDRA-CAROLINA.pdf\">7_A_281865_GUTIERREZ LLAMAS KASSANDRA CAROLINA<\/a><\/p>\n<p><a href=\"https:\/\/academia.uaa.mx\/congresoenfermeria\/wp-content\/uploads\/sites\/2\/2025\/10\/7_A_331853_MARMOLEJO-OLVERA-JORGE-HUMBERTO.pdf\">7_A_331853_MARMOLEJO OLVERA JORGE HUMBERTO<\/a><\/p>\n<p><a href=\"https:\/\/academia.uaa.mx\/congresoenfermeria\/wp-content\/uploads\/sites\/2\/2025\/10\/7_A_345701_PENALOZA-SANTILLAN-ANGEL-ANDREI.pdf\">7_A_345701_PE\u00d1ALOZA SANTILLAN ANGEL ANDREI<\/a><\/p>\n<p><a href=\"https:\/\/academia.uaa.mx\/congresoenfermeria\/wp-content\/uploads\/sites\/2\/2025\/10\/7_A_346260_GARCIA-SANCHEZ-MARIA-BELEN.pdf\">7_A_346260_GARCIA SANCHEZ MARIA BELEN<\/a><\/p>\n<p><a href=\"https:\/\/academia.uaa.mx\/congresoenfermeria\/wp-content\/uploads\/sites\/2\/2025\/10\/7_A_346315_VARGAS-SALAS-VALERIA-JOSELINE.pdf\">7_A_346315_VARGAS SALAS VALERIA JOSELINE<\/a><\/p>\n<p><a href=\"https:\/\/academia.uaa.mx\/congresoenfermeria\/wp-content\/uploads\/sites\/2\/2025\/10\/7_A_349649_FLORES-SOLORZANO-ARIANA-IVETTE.pdf\">7_A_349649_FLORES SOLORZANO ARIANA IVETTE<\/a><\/p>\n<p><a href=\"https:\/\/academia.uaa.mx\/congresoenfermeria\/wp-content\/uploads\/sites\/2\/2025\/10\/7_A_350342_BETANCOURT-TISCARENO-FRANCISCO-ALEJANDRO.pdf\">7_A_350342_BETANCOURT TISCARE\u00d1O FRANCISCO ALEJANDRO<\/a><\/p>\n<p><a href=\"https:\/\/academia.uaa.mx\/congresoenfermeria\/wp-content\/uploads\/sites\/2\/2025\/10\/7_A_350462_GARZA-GUERRA-KATHERY-FERNANDA.pdf\">7_A_350462_GARZA GUERRA KATHERY FERNANDA<\/a><\/p>\n<p><a href=\"https:\/\/academia.uaa.mx\/congresoenfermeria\/wp-content\/uploads\/sites\/2\/2025\/10\/7_A_350955_JIMENEZ-BENITEZ-MELANIE-SARAI.pdf\">7_A_350955_JIMENEZ BENITEZ MELANIE SARAI<\/a><\/p>\n<p><a href=\"https:\/\/academia.uaa.mx\/congresoenfermeria\/wp-content\/uploads\/sites\/2\/2025\/10\/7_A_351250_MEDINA-BARRON-JOCSIRI-CANDELARIA.pdf\">7_A_351250_MEDINA BARRON JOCSIRI CANDELARIA<\/a><\/p>\n<p><a href=\"https:\/\/academia.uaa.mx\/congresoenfermeria\/wp-content\/uploads\/sites\/2\/2025\/10\/7_A_351298_GONZALEZ-SANTOS-CLAUDIA-AZUCENA.pdf\">7_A_351298_GONZALEZ SANTOS CLAUDIA AZUCENA<\/a><\/p>\n<p><a href=\"https:\/\/academia.uaa.mx\/congresoenfermeria\/wp-content\/uploads\/sites\/2\/2025\/10\/7_A_351977_MONTOYA-ALONSO-FERNANDO.pdf\">7_A_351977_MONTOYA ALONSO FERNANDO<\/a><\/p>\n<p>&nbsp;<\/p>\n<p>Grupo B<\/p>\n<p><a href=\"https:\/\/academia.uaa.mx\/congresoenfermeria\/wp-content\/uploads\/sites\/2\/2025\/09\/Alvarez-Varela-Gael-Alexander.pdf\">Alvarez Varela Gael Alexander<\/a><\/p>\n<p><a href=\"https:\/\/academia.uaa.mx\/congresoenfermeria\/wp-content\/uploads\/sites\/2\/2025\/09\/Baez-Ortiz-Jennifer.pdf\">Baez Ortiz Jennifer<\/a><\/p>\n<p><a href=\"https:\/\/academia.uaa.mx\/congresoenfermeria\/wp-content\/uploads\/sites\/2\/2025\/09\/Cardona-Lara-Jimena.pdf\">Cardona Lara Jimena<\/a><\/p>\n<p><a href=\"https:\/\/academia.uaa.mx\/congresoenfermeria\/wp-content\/uploads\/sites\/2\/2025\/09\/De-Leon-Santos-Esmeralda-Denisse.pdf\">De Le\u00f3n Santos Esmeralda Denisse<\/a><\/p>\n<p><a href=\"https:\/\/academia.uaa.mx\/congresoenfermeria\/wp-content\/uploads\/sites\/2\/2025\/09\/Diaz-Palacio-Diana-Valeria.pdf\">D\u00edaz Palacio Diana Valeria<\/a><\/p>\n<p><a href=\"https:\/\/academia.uaa.mx\/congresoenfermeria\/wp-content\/uploads\/sites\/2\/2025\/09\/FERNANDEZ-SANTILLAN-NAOMI-AZENETH.pdf\">FERNANDEZ SANTILLAN NAOMI AZENETH<\/a><\/p>\n<p><a href=\"https:\/\/academia.uaa.mx\/congresoenfermeria\/wp-content\/uploads\/sites\/2\/2025\/09\/Garcia-Medellin-Daniela-Estefania.pdf\">Garc\u00eda Medellin Daniela Estefania<\/a><\/p>\n<p><a href=\"https:\/\/academia.uaa.mx\/congresoenfermeria\/wp-content\/uploads\/sites\/2\/2025\/09\/Gomez-Martinez-Vanessa-Guadalupe.pdf\">Gomez Martinez Vanessa Guadalupe<\/a><\/p>\n<p><a href=\"https:\/\/academia.uaa.mx\/congresoenfermeria\/wp-content\/uploads\/sites\/2\/2025\/09\/Hernandez-Loy-Hannah-Fabiola.pdf\">Hern\u00e1ndez Loy Hannah Fabiola<\/a><\/p>\n<p><a href=\"https:\/\/academia.uaa.mx\/congresoenfermeria\/wp-content\/uploads\/sites\/2\/2025\/09\/Hernandez-Rodriguez-Paula-Sarahi.pdf\">Hern\u00e1ndez Rodriguez Paula Sarahi<\/a><\/p>\n<p><a href=\"https:\/\/academia.uaa.mx\/congresoenfermeria\/wp-content\/uploads\/sites\/2\/2025\/09\/Macias-Garcia-Andrea-Meraf.pdf\">Mac\u00edas Garc\u00eda Andrea Meraf<\/a><\/p>\n<p><a href=\"https:\/\/academia.uaa.mx\/congresoenfermeria\/wp-content\/uploads\/sites\/2\/2025\/09\/Manriquez-Vargas-Paola-Viridiana.pdf\">Manriquez Vargas Paola Viridiana<\/a><\/p>\n<p><a href=\"https:\/\/academia.uaa.mx\/congresoenfermeria\/wp-content\/uploads\/sites\/2\/2025\/09\/Martinez-Banuelos-Daniela.pdf\">Mart\u00ednez Ba\u00f1uelos Daniela<\/a><\/p>\n<p><a href=\"https:\/\/academia.uaa.mx\/congresoenfermeria\/wp-content\/uploads\/sites\/2\/2025\/09\/PALAFOX-ALANIZ-KENIA.pdf\">PALAFOX ALANIZ KENIA<\/a><\/p>\n<p><a href=\"https:\/\/academia.uaa.mx\/congresoenfermeria\/wp-content\/uploads\/sites\/2\/2025\/09\/Ramos-Montoya-Neisli-Paulina.pdf\">Ramos Montoya Neisli Paulina<\/a><\/p>\n<p><a href=\"https:\/\/academia.uaa.mx\/congresoenfermeria\/wp-content\/uploads\/sites\/2\/2025\/09\/Tavarez-Coronado-Alondra.pdf\">Tavarez Coronado Alondra<\/a><\/p>\n<p><a href=\"https:\/\/academia.uaa.mx\/congresoenfermeria\/wp-content\/uploads\/sites\/2\/2025\/09\/Trinidad-Micaela.pdf\">Trinidad Micaela<\/a><\/p>\n<p><a href=\"https:\/\/academia.uaa.mx\/congresoenfermeria\/wp-content\/uploads\/sites\/2\/2025\/09\/Valenzuela-Vargas-Maria-Fernanda.pdf\">Valenzuela Vargas Mar\u00eda Fernanda<\/a><\/p>\n<p><em>Faltantes:<\/em><\/p>\n<p><a href=\"https:\/\/academia.uaa.mx\/congresoenfermeria\/wp-content\/uploads\/sites\/2\/2025\/10\/7_B_255461_Valdivia-Hernandez-Aranza-Geovana.pdf\">7_B_255461_Valdivia Hern\u00e1ndez Aranza Geovana<\/a><\/p>\n<p><a href=\"https:\/\/academia.uaa.mx\/congresoenfermeria\/wp-content\/uploads\/sites\/2\/2025\/10\/7_B_335078_Torres-Danna-Camila.pdf\">7_B_335078_Torres Danna Camila<\/a><\/p>\n<p><a href=\"https:\/\/academia.uaa.mx\/congresoenfermeria\/wp-content\/uploads\/sites\/2\/2025\/10\/7_B_346047_De-Lira-Romo-Jialing-Guadalupe.pdf\">7_B_346047_De Lira Romo Jialing Guadalupe<\/a><\/p>\n<p><a href=\"https:\/\/academia.uaa.mx\/congresoenfermeria\/wp-content\/uploads\/sites\/2\/2025\/10\/7_B_347534_Sanchez-Macias-Lilen-Hayde.pdf\">7_B_347534_S\u00e1nchez Mac\u00edas Lil\u00e9n Hayde<\/a><\/p>\n<p><a href=\"https:\/\/academia.uaa.mx\/congresoenfermeria\/wp-content\/uploads\/sites\/2\/2025\/10\/7_B_347983_De-Luna-Tinajera-Rocio.pdf\">7_B_347983_De Luna Tinajera Rocio<\/a><\/p>\n<p><a href=\"https:\/\/academia.uaa.mx\/congresoenfermeria\/wp-content\/uploads\/sites\/2\/2025\/10\/7_B_348655_Gonzalez-Perez-Mayra-Areli.pdf\">7_B_348655_Gonz\u00e1lez P\u00e9rez Mayra Areli<\/a><\/p>\n<p><a href=\"https:\/\/academia.uaa.mx\/congresoenfermeria\/wp-content\/uploads\/sites\/2\/2025\/10\/7_B_349032_Martinez-Diaz-de-Leon-Andrea-Betzali.pdf\">7_B_349032_Mart\u00ednez Diaz de Le\u00f3n Andrea Betzali<\/a><\/p>\n<p><a href=\"https:\/\/academia.uaa.mx\/congresoenfermeria\/wp-content\/uploads\/sites\/2\/2025\/10\/7_B_349824_Gonzalez-Torres-Megan-Michelle.pdf\">7_B_349824_Gonz\u00e1lez Torres Megan Michelle<\/a><\/p>\n<p><a href=\"https:\/\/academia.uaa.mx\/congresoenfermeria\/wp-content\/uploads\/sites\/2\/2025\/10\/7_B_350961_Herrera-Medrano-Itzel-Alejandra.pdf\">7_B_350961_Herrera Medrano Itzel Alejandra<\/a><\/p>\n<p><a href=\"https:\/\/academia.uaa.mx\/congresoenfermeria\/wp-content\/uploads\/sites\/2\/2025\/10\/7_B_351085_Diaz-Rubalcava-Jennifer-Guadalupe.pdf\">7_B_351085_D\u00edaz Rubalcava Jennifer Guadalupe<\/a><\/p>\n","protected":false},"excerpt":{"rendered":"<p>Descargar Constancias del CUE 2025: S\u00c9PTIMO SEMESTRE Grupo A AGUILERA AILIN ALVAREZ MARTINEZ ALONDRA BARBOSA REYES DIEGO ALESSANDRO CASTA\u00d1EDA HERNANDEZ<\/p>\n","protected":false},"author":3,"featured_media":0,"parent":0,"menu_order":0,"comment_status":"closed","ping_status":"closed","template":"","meta":{"_acf_changed":false,"colormag_page_container_layout":"default_layout","colormag_page_sidebar_layout":"default_layout","ngg_post_thumbnail":0,"footnotes":""},"class_list":["post-1742","page","type-page","status-publish","hentry"],"acf":[],"_links":{"self":[{"href":"https:\/\/academia.uaa.mx\/congresoenfermeria\/wp-json\/wp\/v2\/pages\/1742","targetHints":{"allow":["GET"]}}],"collection":[{"href":"https:\/\/academia.uaa.mx\/congresoenfermeria\/wp-json\/wp\/v2\/pages"}],"about":[{"href":"https:\/\/academia.uaa.mx\/congresoenfermeria\/wp-json\/wp\/v2\/types\/page"}],"author":[{"embeddable":true,"href":"https:\/\/academia.uaa.mx\/congresoenfermeria\/wp-json\/wp\/v2\/users\/3"}],"replies":[{"embeddable":true,"href":"https:\/\/academia.uaa.mx\/congresoenfermeria\/wp-json\/wp\/v2\/comments?post=1742"}],"version-history":[{"count":6,"href":"https:\/\/academia.uaa.mx\/congresoenfermeria\/wp-json\/wp\/v2\/pages\/1742\/revisions"}],"predecessor-version":[{"id":2217,"href":"https:\/\/academia.uaa.mx\/congresoenfermeria\/wp-json\/wp\/v2\/pages\/1742\/revisions\/2217"}],"wp:attachment":[{"href":"https:\/\/academia.uaa.mx\/congresoenfermeria\/wp-json\/wp\/v2\/media?parent=1742"}],"curies":[{"name":"wp","href":"https:\/\/api.w.org\/{rel}","templated":true}]}}