{"id":2016,"date":"2025-10-08T07:55:27","date_gmt":"2025-10-08T13:55:27","guid":{"rendered":"https:\/\/academia.uaa.mx\/congresoenfermeria\/?page_id=2016"},"modified":"2025-10-08T07:55:27","modified_gmt":"2025-10-08T13:55:27","slug":"cue-2025-constancias-manejo-inicial-de-heridas","status":"publish","type":"page","link":"https:\/\/academia.uaa.mx\/congresoenfermeria\/cue-2025-constancias-manejo-inicial-de-heridas\/","title":{"rendered":"CUE 2025 Constancias Manejo inicial de heridas"},"content":{"rendered":"<p>Descarga las constancias de talleres CUE 2025:<\/p>\n<p>&nbsp;<\/p>\n<p><a href=\"https:\/\/academia.uaa.mx\/congresoenfermeria\/wp-content\/uploads\/sites\/2\/2025\/10\/Manej_Ana-Citlali-Perez-Gonzalez-.pdf\">Manej_Ana Citlali P\u00e9rez Gonz\u00e1lez\u00a0<\/a><\/p>\n<p><a href=\"https:\/\/academia.uaa.mx\/congresoenfermeria\/wp-content\/uploads\/sites\/2\/2025\/10\/Manej_Andrea-Meraf-Macias-Garcia.pdf\">Manej_Andrea Meraf Mac\u00edas Garc\u00eda<\/a><\/p>\n<p><a href=\"https:\/\/academia.uaa.mx\/congresoenfermeria\/wp-content\/uploads\/sites\/2\/2025\/10\/Manej_Bernardo-Yahir-Guerra-Lozano.pdf\">Manej_Bernardo Yahir Guerra Lozano<\/a><\/p>\n<p><a href=\"https:\/\/academia.uaa.mx\/congresoenfermeria\/wp-content\/uploads\/sites\/2\/2025\/10\/Manej_Brenda-Hidalgo-Mares.pdf\">Manej_Brenda Hidalgo Mares<\/a><\/p>\n<p><a href=\"https:\/\/academia.uaa.mx\/congresoenfermeria\/wp-content\/uploads\/sites\/2\/2025\/10\/Manej_Daniela-Alexandra-Marquina-Gutierrez-.pdf\">Manej_Daniela Alexandra Marquina Guti\u00e9rrez\u00a0<\/a><\/p>\n<p><a href=\"https:\/\/academia.uaa.mx\/congresoenfermeria\/wp-content\/uploads\/sites\/2\/2025\/10\/Manej_Danna-Paola-Esparza-Casillas.pdf\">Manej_Danna Paola Esparza Casillas<\/a><\/p>\n<p><a href=\"https:\/\/academia.uaa.mx\/congresoenfermeria\/wp-content\/uploads\/sites\/2\/2025\/10\/Manej_Eduardo-Adan-Guerra-Rivera.pdf\">Manej_Eduardo Adan Guerra Rivera<\/a><\/p>\n<p><a href=\"https:\/\/academia.uaa.mx\/congresoenfermeria\/wp-content\/uploads\/sites\/2\/2025\/10\/Manej_Francisco-Ivan-Mendoza-Diaz-de-Leon.pdf\">Manej_Francisco Iv\u00e1n Mendoza D\u00edaz de Le\u00f3n<\/a><\/p>\n<p><a href=\"https:\/\/academia.uaa.mx\/congresoenfermeria\/wp-content\/uploads\/sites\/2\/2025\/10\/Manej_Guadalupe-Torres.pdf\">Manej_Guadalupe Torres<\/a><\/p>\n<p><a href=\"https:\/\/academia.uaa.mx\/congresoenfermeria\/wp-content\/uploads\/sites\/2\/2025\/10\/Manej_Jennifer-Baez-Ortiz.pdf\">Manej_Jennifer B\u00e1ez Ortiz<\/a><\/p>\n<p><a href=\"https:\/\/academia.uaa.mx\/congresoenfermeria\/wp-content\/uploads\/sites\/2\/2025\/10\/Manej_Karen-Elizabeth-Gutierrez-Martinez.pdf\">Manej_Karen Elizabeth Guti\u00e9rrez Mart\u00ednez<\/a><\/p>\n<p><a href=\"https:\/\/academia.uaa.mx\/congresoenfermeria\/wp-content\/uploads\/sites\/2\/2025\/10\/Manej_Karina-Sandoval-Ruano.pdf\">Manej_Karina Sandoval Ruano<\/a><\/p>\n<p><a href=\"https:\/\/academia.uaa.mx\/congresoenfermeria\/wp-content\/uploads\/sites\/2\/2025\/10\/Manej_Mayra-Areli-Gonzalez-Perez.pdf\">Manej_Mayra Areli Gonz\u00e1lez P\u00e9rez<\/a><\/p>\n<p><a href=\"https:\/\/academia.uaa.mx\/congresoenfermeria\/wp-content\/uploads\/sites\/2\/2025\/10\/Manej_Mildred-Andrea-Leal-De-La-Rosa.pdf\">Manej_Mildred Andrea Leal De La Rosa<\/a><\/p>\n<p><a href=\"https:\/\/academia.uaa.mx\/congresoenfermeria\/wp-content\/uploads\/sites\/2\/2025\/10\/Manej_Monica-Azucena-Camacho-Serrano.pdf\">Manej_M\u00f3nica Azucena Camacho Serrano<\/a><\/p>\n<p><a href=\"https:\/\/academia.uaa.mx\/congresoenfermeria\/wp-content\/uploads\/sites\/2\/2025\/10\/Manej_Paula-Sarahi-Hernandez-Rodriguez.pdf\">Manej_Paula Sarah\u00ed Hern\u00e1ndez Rodriguez<\/a><\/p>\n<p><a href=\"https:\/\/academia.uaa.mx\/congresoenfermeria\/wp-content\/uploads\/sites\/2\/2025\/10\/Manej_Salmeron-Vargas-Jazmin-Alejandra.pdf\">Manej_Salmer\u00f3n Vargas Jazm\u00edn Alejandra<\/a><\/p>\n<p><a href=\"https:\/\/academia.uaa.mx\/congresoenfermeria\/wp-content\/uploads\/sites\/2\/2025\/10\/Manej_Sthepany-Abigail-Gonzalez-Ramos.-.pdf\">Manej_Sthepany Abigail Gonz\u00e1lez Ramos.\u00a0<\/a><\/p>\n<p><a href=\"https:\/\/academia.uaa.mx\/congresoenfermeria\/wp-content\/uploads\/sites\/2\/2025\/10\/Manej_Zaid-Morales-Portillo.pdf\">Manej_Zaid Morales Portillo<\/a><\/p>\n","protected":false},"excerpt":{"rendered":"<p>Descarga las constancias de talleres CUE 2025: &nbsp; Manej_Ana Citlali P\u00e9rez Gonz\u00e1lez\u00a0 Manej_Andrea Meraf Mac\u00edas Garc\u00eda Manej_Bernardo Yahir Guerra Lozano<\/p>\n","protected":false},"author":66,"featured_media":0,"parent":0,"menu_order":0,"comment_status":"closed","ping_status":"closed","template":"","meta":{"_acf_changed":false,"colormag_page_container_layout":"default_layout","colormag_page_sidebar_layout":"default_layout","ngg_post_thumbnail":0,"footnotes":""},"class_list":["post-2016","page","type-page","status-publish","hentry"],"acf":[],"_links":{"self":[{"href":"https:\/\/academia.uaa.mx\/congresoenfermeria\/wp-json\/wp\/v2\/pages\/2016","targetHints":{"allow":["GET"]}}],"collection":[{"href":"https:\/\/academia.uaa.mx\/congresoenfermeria\/wp-json\/wp\/v2\/pages"}],"about":[{"href":"https:\/\/academia.uaa.mx\/congresoenfermeria\/wp-json\/wp\/v2\/types\/page"}],"author":[{"embeddable":true,"href":"https:\/\/academia.uaa.mx\/congresoenfermeria\/wp-json\/wp\/v2\/users\/66"}],"replies":[{"embeddable":true,"href":"https:\/\/academia.uaa.mx\/congresoenfermeria\/wp-json\/wp\/v2\/comments?post=2016"}],"version-history":[{"count":1,"href":"https:\/\/academia.uaa.mx\/congresoenfermeria\/wp-json\/wp\/v2\/pages\/2016\/revisions"}],"predecessor-version":[{"id":2036,"href":"https:\/\/academia.uaa.mx\/congresoenfermeria\/wp-json\/wp\/v2\/pages\/2016\/revisions\/2036"}],"wp:attachment":[{"href":"https:\/\/academia.uaa.mx\/congresoenfermeria\/wp-json\/wp\/v2\/media?parent=2016"}],"curies":[{"name":"wp","href":"https:\/\/api.w.org\/{rel}","templated":true}]}}