{"id":2055,"date":"2025-10-08T08:16:49","date_gmt":"2025-10-08T14:16:49","guid":{"rendered":"https:\/\/academia.uaa.mx\/congresoenfermeria\/?page_id=2055"},"modified":"2025-10-08T09:25:31","modified_gmt":"2025-10-08T15:25:31","slug":"cue-2025-constancias-preparacion-y-manejo-de-citotoxicos","status":"publish","type":"page","link":"https:\/\/academia.uaa.mx\/congresoenfermeria\/cue-2025-constancias-preparacion-y-manejo-de-citotoxicos\/","title":{"rendered":"CUE 2025 Constancias Preparaci\u00f3n y manejo de citot\u00f3xicos"},"content":{"rendered":"<p>Descarga las constancias de talleres CUE 2025:<\/p>\n<p>&nbsp;<\/p>\n<p><a href=\"https:\/\/academia.uaa.mx\/congresoenfermeria\/wp-content\/uploads\/sites\/2\/2025\/10\/Prepa_Alejandra-Ponce-Perez.pdf\">Prepa_Alejandra Ponce P\u00e9rez<\/a><\/p>\n<p><a href=\"https:\/\/academia.uaa.mx\/congresoenfermeria\/wp-content\/uploads\/sites\/2\/2025\/10\/Prepa_Angel-Andrei-Penaloza-Santillan.pdf\">Prepa_Angel Andrei Pe\u00f1aloza Santillan<\/a><\/p>\n<p><a href=\"https:\/\/academia.uaa.mx\/congresoenfermeria\/wp-content\/uploads\/sites\/2\/2025\/10\/Prepa_Claudia-Azucena-Gonzalez-Santos.pdf\">Prepa_Claudia Azucena Gonz\u00e1lez Santos<\/a><\/p>\n<p><a href=\"https:\/\/academia.uaa.mx\/congresoenfermeria\/wp-content\/uploads\/sites\/2\/2025\/10\/Prepa_Cristian-Oswaldo-Moncada-Cabrera.pdf\">Prepa_Cristian Oswaldo Moncada Cabrera<\/a><\/p>\n<p><a href=\"https:\/\/academia.uaa.mx\/congresoenfermeria\/wp-content\/uploads\/sites\/2\/2025\/10\/Prepa_Daniel-Jimenez-Garcia.pdf\">Prepa_Daniel Jim\u00e9nez Garc\u00eda<\/a><\/p>\n<p><a href=\"https:\/\/academia.uaa.mx\/congresoenfermeria\/wp-content\/uploads\/sites\/2\/2025\/10\/Prepa_Geraldine-Gomez-Rodriguez.pdf\">Prepa_Geraldine G\u00f3mez Rodr\u00edguez<\/a><\/p>\n<p><a href=\"https:\/\/academia.uaa.mx\/congresoenfermeria\/wp-content\/uploads\/sites\/2\/2025\/10\/Prepa_Jenifer-Estefania-Arizmendi-Garcia.pdf\">Prepa_Jenifer Estefania Arizmendi Garc\u00eda<\/a><\/p>\n<p><a href=\"https:\/\/academia.uaa.mx\/congresoenfermeria\/wp-content\/uploads\/sites\/2\/2025\/10\/Prepa_Jose-Angel-Martinez-Campos.pdf\">Prepa_Jos\u00e9 \u00c1ngel Mart\u00ednez Campos<\/a><\/p>\n<p><a href=\"https:\/\/academia.uaa.mx\/congresoenfermeria\/wp-content\/uploads\/sites\/2\/2025\/10\/Prepa_Julia-Andrea-Perez-Tejada.pdf\">Prepa_Julia Andrea P\u00e9rez Tejada<\/a><\/p>\n<p><a href=\"https:\/\/academia.uaa.mx\/congresoenfermeria\/wp-content\/uploads\/sites\/2\/2025\/10\/Prepa_Kassandra-Carolina-Gutierrez-Llamas.pdf\">Prepa_Kassandra Carolina Guti\u00e9rrez Llamas<\/a><\/p>\n<p><a href=\"https:\/\/academia.uaa.mx\/congresoenfermeria\/wp-content\/uploads\/sites\/2\/2025\/10\/Prepa_Laura-Fernanda-Vargas-Rojas.pdf\">Prepa_Laura Fernanda Vargas Rojas<\/a><\/p>\n<p><a href=\"https:\/\/academia.uaa.mx\/congresoenfermeria\/wp-content\/uploads\/sites\/2\/2025\/10\/Prepa_Luz-Alejandra-Salmeron-Guzman.pdf\">Prepa_Luz Alejandra Salmer\u00f3n Guzm\u00e1n<\/a><\/p>\n<p><a href=\"https:\/\/academia.uaa.mx\/congresoenfermeria\/wp-content\/uploads\/sites\/2\/2025\/10\/Prepa_Mireya-Siani-De-Luna-Valenciano.pdf\">Prepa_Mireya Sian\u00ed De Luna Valenciano<\/a><\/p>\n<p><a href=\"https:\/\/academia.uaa.mx\/congresoenfermeria\/wp-content\/uploads\/sites\/2\/2025\/10\/Prepa_Paola-Viridiana-Manriquez-Vargas.pdf\">Prepa_Paola Viridiana Manr\u00edquez Vargas<\/a><\/p>\n<p><a href=\"https:\/\/academia.uaa.mx\/congresoenfermeria\/wp-content\/uploads\/sites\/2\/2025\/10\/Prepa_Valeria-Joseline-Vargas-Salas.pdf\">Prepa_Valeria Joseline Vargas Salas<\/a><\/p>\n<p><a href=\"https:\/\/academia.uaa.mx\/congresoenfermeria\/wp-content\/uploads\/sites\/2\/2025\/10\/Prepa_Vianney-Montserrat-Hernandez-Martinez.pdf\">Prepa_Vianney Montserrat Hern\u00e1ndez Mart\u00ednez<\/a><\/p>\n<p><a href=\"https:\/\/academia.uaa.mx\/congresoenfermeria\/wp-content\/uploads\/sites\/2\/2025\/10\/Prepa_Wendy-Sugey-Moreno-Esquivel.pdf\">Prepa_Wendy Sugey Moreno Esquivel<\/a><\/p>\n","protected":false},"excerpt":{"rendered":"<p>Descarga las constancias de talleres CUE 2025: &nbsp; Prepa_Alejandra Ponce P\u00e9rez Prepa_Angel Andrei Pe\u00f1aloza Santillan Prepa_Claudia Azucena Gonz\u00e1lez Santos Prepa_Cristian<\/p>\n","protected":false},"author":66,"featured_media":0,"parent":0,"menu_order":0,"comment_status":"closed","ping_status":"closed","template":"","meta":{"_acf_changed":false,"colormag_page_container_layout":"default_layout","colormag_page_sidebar_layout":"default_layout","ngg_post_thumbnail":0,"footnotes":""},"class_list":["post-2055","page","type-page","status-publish","hentry"],"acf":[],"_links":{"self":[{"href":"https:\/\/academia.uaa.mx\/congresoenfermeria\/wp-json\/wp\/v2\/pages\/2055","targetHints":{"allow":["GET"]}}],"collection":[{"href":"https:\/\/academia.uaa.mx\/congresoenfermeria\/wp-json\/wp\/v2\/pages"}],"about":[{"href":"https:\/\/academia.uaa.mx\/congresoenfermeria\/wp-json\/wp\/v2\/types\/page"}],"author":[{"embeddable":true,"href":"https:\/\/academia.uaa.mx\/congresoenfermeria\/wp-json\/wp\/v2\/users\/66"}],"replies":[{"embeddable":true,"href":"https:\/\/academia.uaa.mx\/congresoenfermeria\/wp-json\/wp\/v2\/comments?post=2055"}],"version-history":[{"count":2,"href":"https:\/\/academia.uaa.mx\/congresoenfermeria\/wp-json\/wp\/v2\/pages\/2055\/revisions"}],"predecessor-version":[{"id":2094,"href":"https:\/\/academia.uaa.mx\/congresoenfermeria\/wp-json\/wp\/v2\/pages\/2055\/revisions\/2094"}],"wp:attachment":[{"href":"https:\/\/academia.uaa.mx\/congresoenfermeria\/wp-json\/wp\/v2\/media?parent=2055"}],"curies":[{"name":"wp","href":"https:\/\/api.w.org\/{rel}","templated":true}]}}