{"id":2097,"date":"2025-10-08T09:33:44","date_gmt":"2025-10-08T15:33:44","guid":{"rendered":"https:\/\/academia.uaa.mx\/congresoenfermeria\/?page_id=2097"},"modified":"2025-10-08T09:33:44","modified_gmt":"2025-10-08T15:33:44","slug":"cue-2025-constancias-soporte-vital","status":"publish","type":"page","link":"https:\/\/academia.uaa.mx\/congresoenfermeria\/cue-2025-constancias-soporte-vital\/","title":{"rendered":"CUE 2025 Constancias Soporte vital"},"content":{"rendered":"<p>Descarga las constancias de talleres CUE 2025:<\/p>\n<p>&nbsp;<\/p>\n<p><a href=\"https:\/\/academia.uaa.mx\/congresoenfermeria\/wp-content\/uploads\/sites\/2\/2025\/10\/Sopor_Ana-Isabel-Gutierrez-Marquez.pdf\">Sopor_Ana Isabel Guti\u00e9rrez M\u00e1rquez<\/a><\/p>\n<p><a href=\"https:\/\/academia.uaa.mx\/congresoenfermeria\/wp-content\/uploads\/sites\/2\/2025\/10\/Sopor_Citlali-Sarahi-Barrera-Martinez.pdf\">Sopor_Citlali Sarahi Barrera Martinez<\/a><\/p>\n<p><a href=\"https:\/\/academia.uaa.mx\/congresoenfermeria\/wp-content\/uploads\/sites\/2\/2025\/10\/Sopor_Cristofer-Alexis-Martinez-Ramirez.pdf\">Sopor_Cristofer Alexis Mart\u00ednez Ram\u00edrez<\/a><\/p>\n<p><a href=\"https:\/\/academia.uaa.mx\/congresoenfermeria\/wp-content\/uploads\/sites\/2\/2025\/10\/Sopor_Dulce-Areli-Ruiz-Lopez.pdf\">Sopor_Dulce Areli Ruiz L\u00f3pez<\/a><\/p>\n<p><a href=\"https:\/\/academia.uaa.mx\/congresoenfermeria\/wp-content\/uploads\/sites\/2\/2025\/10\/Sopor_Francisco-Alejandro-Betancourt-Tiscareno.pdf\">Sopor_Francisco Alejandro Betancourt Tiscare\u00f1o<\/a><\/p>\n<p><a href=\"https:\/\/academia.uaa.mx\/congresoenfermeria\/wp-content\/uploads\/sites\/2\/2025\/10\/Sopor_Karla-Paola-De-Luna-Cabrera.pdf\">Sopor_Karla Paola De Luna Cabrera<\/a><\/p>\n<p><a href=\"https:\/\/academia.uaa.mx\/congresoenfermeria\/wp-content\/uploads\/sites\/2\/2025\/10\/Sopor_Leonardo-Jaime-Gonzalez.pdf\">Sopor_Leonardo Jaime Gonzalez<\/a><\/p>\n<p><a href=\"https:\/\/academia.uaa.mx\/congresoenfermeria\/wp-content\/uploads\/sites\/2\/2025\/10\/Sopor_Leslie-Michelle-Macias-Gonzalez.pdf\">Sopor_Leslie Michelle Mac\u00edas Gonz\u00e1lez<\/a><\/p>\n<p><a href=\"https:\/\/academia.uaa.mx\/congresoenfermeria\/wp-content\/uploads\/sites\/2\/2025\/10\/Sopor_Lorena-Aguilera-Aguilera.pdf\">Sopor_Lorena Aguilera Aguilera<\/a><\/p>\n<p><a href=\"https:\/\/academia.uaa.mx\/congresoenfermeria\/wp-content\/uploads\/sites\/2\/2025\/10\/Sopor_Maria-Fernanda-Gallegos-Romo.pdf\">Sopor_Maria Fernanda Gallegos Romo<\/a><\/p>\n<p><a href=\"https:\/\/academia.uaa.mx\/congresoenfermeria\/wp-content\/uploads\/sites\/2\/2025\/10\/Sopor_Maritza-de-Jesus-Lara-Rincon.pdf\">Sopor_Maritza de Jes\u00fas Lara Rinc\u00f3n<\/a><\/p>\n<p><a href=\"https:\/\/academia.uaa.mx\/congresoenfermeria\/wp-content\/uploads\/sites\/2\/2025\/10\/Sopor_Paola-Michelle-Maldonado-Juarez.pdf\">Sopor_Paola Michelle Maldonado Ju\u00e1rez<\/a><\/p>\n<p>&nbsp;<\/p>\n","protected":false},"excerpt":{"rendered":"<p>Descarga las constancias de talleres CUE 2025: &nbsp; Sopor_Ana Isabel Guti\u00e9rrez M\u00e1rquez Sopor_Citlali Sarahi Barrera Martinez Sopor_Cristofer Alexis Mart\u00ednez Ram\u00edrez<\/p>\n","protected":false},"author":66,"featured_media":0,"parent":0,"menu_order":0,"comment_status":"closed","ping_status":"closed","template":"","meta":{"_acf_changed":false,"colormag_page_container_layout":"default_layout","colormag_page_sidebar_layout":"default_layout","ngg_post_thumbnail":0,"footnotes":""},"class_list":["post-2097","page","type-page","status-publish","hentry"],"acf":[],"_links":{"self":[{"href":"https:\/\/academia.uaa.mx\/congresoenfermeria\/wp-json\/wp\/v2\/pages\/2097","targetHints":{"allow":["GET"]}}],"collection":[{"href":"https:\/\/academia.uaa.mx\/congresoenfermeria\/wp-json\/wp\/v2\/pages"}],"about":[{"href":"https:\/\/academia.uaa.mx\/congresoenfermeria\/wp-json\/wp\/v2\/types\/page"}],"author":[{"embeddable":true,"href":"https:\/\/academia.uaa.mx\/congresoenfermeria\/wp-json\/wp\/v2\/users\/66"}],"replies":[{"embeddable":true,"href":"https:\/\/academia.uaa.mx\/congresoenfermeria\/wp-json\/wp\/v2\/comments?post=2097"}],"version-history":[{"count":1,"href":"https:\/\/academia.uaa.mx\/congresoenfermeria\/wp-json\/wp\/v2\/pages\/2097\/revisions"}],"predecessor-version":[{"id":2110,"href":"https:\/\/academia.uaa.mx\/congresoenfermeria\/wp-json\/wp\/v2\/pages\/2097\/revisions\/2110"}],"wp:attachment":[{"href":"https:\/\/academia.uaa.mx\/congresoenfermeria\/wp-json\/wp\/v2\/media?parent=2097"}],"curies":[{"name":"wp","href":"https:\/\/api.w.org\/{rel}","templated":true}]}}