{"id":2113,"date":"2025-10-08T09:38:54","date_gmt":"2025-10-08T15:38:54","guid":{"rendered":"https:\/\/academia.uaa.mx\/congresoenfermeria\/?page_id=2113"},"modified":"2025-10-08T09:38:54","modified_gmt":"2025-10-08T15:38:54","slug":"cue-2025-constancias-evento-cultural","status":"publish","type":"page","link":"https:\/\/academia.uaa.mx\/congresoenfermeria\/cue-2025-constancias-evento-cultural\/","title":{"rendered":"CUE 2025 Constancias Evento Cultural"},"content":{"rendered":"<p>Descarga las constancias del evento cultural CUE 2025:<\/p>\n<p>&nbsp;<\/p>\n<p><a href=\"https:\/\/academia.uaa.mx\/congresoenfermeria\/wp-content\/uploads\/sites\/2\/2025\/10\/Ana-Melisa-Ponce-Damian.pdf\">Ana Melisa Ponce Damian<\/a><\/p>\n<p><a href=\"https:\/\/academia.uaa.mx\/congresoenfermeria\/wp-content\/uploads\/sites\/2\/2025\/10\/Angie-Denys-Reyna.pdf\">Angie Denys Reyna<\/a><\/p>\n<p><a href=\"https:\/\/academia.uaa.mx\/congresoenfermeria\/wp-content\/uploads\/sites\/2\/2025\/10\/Catalina-Martinez-Lopez.pdf\">Catalina Mart\u00ednez L\u00f3pez<\/a><\/p>\n<p><a href=\"https:\/\/academia.uaa.mx\/congresoenfermeria\/wp-content\/uploads\/sites\/2\/2025\/10\/Daniel-Alexis-Juarez-Pena.pdf\">Daniel Alexis Ju\u00e1rez Pe\u00f1a<\/a><\/p>\n<p><a href=\"https:\/\/academia.uaa.mx\/congresoenfermeria\/wp-content\/uploads\/sites\/2\/2025\/10\/Daniel-de-la-Rosa-Palomino.pdf\">Daniel de la Rosa Palomino<\/a><\/p>\n<p><a href=\"https:\/\/academia.uaa.mx\/congresoenfermeria\/wp-content\/uploads\/sites\/2\/2025\/10\/Elizabeth-Guadalue-Ham-Posada.pdf\">Elizabeth Guadalue Ham Posada<\/a><\/p>\n<p><a href=\"https:\/\/academia.uaa.mx\/congresoenfermeria\/wp-content\/uploads\/sites\/2\/2025\/10\/Felipe-Alejandro-Macias-Ortega.pdf\">Felipe Alejandro Macias Ortega<\/a><\/p>\n<p><a href=\"https:\/\/academia.uaa.mx\/congresoenfermeria\/wp-content\/uploads\/sites\/2\/2025\/10\/Kathia-Careli-Cortes-Rodriguez.pdf\">Kathia Careli Cort\u00e9s Rodr\u00edguez<\/a><\/p>\n<p><a href=\"https:\/\/academia.uaa.mx\/congresoenfermeria\/wp-content\/uploads\/sites\/2\/2025\/10\/Martinez-Campos-Jose-Angel.pdf\">Mart\u00ednez Campos Jos\u00e9 \u00c1ngel<\/a><\/p>\n","protected":false},"excerpt":{"rendered":"<p>Descarga las constancias del evento cultural CUE 2025: &nbsp; Ana Melisa Ponce Damian Angie Denys Reyna Catalina Mart\u00ednez L\u00f3pez Daniel<\/p>\n","protected":false},"author":66,"featured_media":0,"parent":0,"menu_order":0,"comment_status":"closed","ping_status":"closed","template":"","meta":{"_acf_changed":false,"colormag_page_container_layout":"default_layout","colormag_page_sidebar_layout":"default_layout","ngg_post_thumbnail":0,"footnotes":""},"class_list":["post-2113","page","type-page","status-publish","hentry"],"acf":[],"_links":{"self":[{"href":"https:\/\/academia.uaa.mx\/congresoenfermeria\/wp-json\/wp\/v2\/pages\/2113","targetHints":{"allow":["GET"]}}],"collection":[{"href":"https:\/\/academia.uaa.mx\/congresoenfermeria\/wp-json\/wp\/v2\/pages"}],"about":[{"href":"https:\/\/academia.uaa.mx\/congresoenfermeria\/wp-json\/wp\/v2\/types\/page"}],"author":[{"embeddable":true,"href":"https:\/\/academia.uaa.mx\/congresoenfermeria\/wp-json\/wp\/v2\/users\/66"}],"replies":[{"embeddable":true,"href":"https:\/\/academia.uaa.mx\/congresoenfermeria\/wp-json\/wp\/v2\/comments?post=2113"}],"version-history":[{"count":1,"href":"https:\/\/academia.uaa.mx\/congresoenfermeria\/wp-json\/wp\/v2\/pages\/2113\/revisions"}],"predecessor-version":[{"id":2123,"href":"https:\/\/academia.uaa.mx\/congresoenfermeria\/wp-json\/wp\/v2\/pages\/2113\/revisions\/2123"}],"wp:attachment":[{"href":"https:\/\/academia.uaa.mx\/congresoenfermeria\/wp-json\/wp\/v2\/media?parent=2113"}],"curies":[{"name":"wp","href":"https:\/\/api.w.org\/{rel}","templated":true}]}}