{"id":2235,"date":"2025-12-03T18:40:48","date_gmt":"2025-12-04T00:40:48","guid":{"rendered":"https:\/\/academia.uaa.mx\/congresoenfermeria\/?page_id=2235"},"modified":"2025-12-03T22:48:10","modified_gmt":"2025-12-04T04:48:10","slug":"cue-2025-constancias-de-comite-organizador","status":"publish","type":"page","link":"https:\/\/academia.uaa.mx\/congresoenfermeria\/cue-2025-constancias-de-comite-organizador\/","title":{"rendered":"CUE 2025 Constancias de Comit\u00e9 Organizador"},"content":{"rendered":"<p>Descarga las constancias del Comit\u00e9 Organizador CUE 2025:<\/p>\n<div><a href=\"https:\/\/academia.uaa.mx\/congresoenfermeria\/wp-content\/uploads\/sites\/2\/2025\/12\/64.pdf\">Adelita Anguiano Mart\u00ednez<\/a><br \/>\n<a href=\"https:\/\/academia.uaa.mx\/congresoenfermeria\/wp-content\/uploads\/sites\/2\/2025\/12\/84.pdf\">Adri\u00e1n Carrillo Delgadillo<\/a><br \/>\n<a href=\"https:\/\/academia.uaa.mx\/congresoenfermeria\/wp-content\/uploads\/sites\/2\/2025\/12\/77.pdf\">Ana Cecilia Capetillo Serna<\/a><br \/>\n<a href=\"https:\/\/academia.uaa.mx\/congresoenfermeria\/wp-content\/uploads\/sites\/2\/2025\/12\/85.pdf\">Ana Cecilia Ram\u00edrez Urzua<\/a><br \/>\n<a href=\"https:\/\/academia.uaa.mx\/congresoenfermeria\/wp-content\/uploads\/sites\/2\/2025\/12\/60.pdf\">Ana Elvia Moreno S\u00e1nchez<\/a><br \/>\n<a href=\"https:\/\/academia.uaa.mx\/congresoenfermeria\/wp-content\/uploads\/sites\/2\/2025\/12\/70.pdf\">Anah\u00ed Mac\u00edas Mac\u00edas<\/a><br \/>\n<a href=\"https:\/\/academia.uaa.mx\/congresoenfermeria\/wp-content\/uploads\/sites\/2\/2025\/12\/72.pdf\">Anel Adriana Olivetto Ocampo<\/a><br \/>\n<a href=\"https:\/\/academia.uaa.mx\/congresoenfermeria\/wp-content\/uploads\/sites\/2\/2025\/12\/58.pdf\">Anel Anahi Leyva Rodr\u00edguez<\/a><br \/>\n<a href=\"https:\/\/academia.uaa.mx\/congresoenfermeria\/wp-content\/uploads\/sites\/2\/2025\/12\/57.pdf\">Araiza Hern\u00e1ndez Martha Liliana<\/a><br \/>\n<a href=\"https:\/\/academia.uaa.mx\/congresoenfermeria\/wp-content\/uploads\/sites\/2\/2025\/12\/99.pdf\">Blanca Ang\u00e9lica Urzua Arcaraz<\/a><br \/>\n<a href=\"https:\/\/academia.uaa.mx\/congresoenfermeria\/wp-content\/uploads\/sites\/2\/2025\/12\/80.pdf\">Blanca Ofelia Esquivel<\/a><br \/>\n<a href=\"https:\/\/academia.uaa.mx\/congresoenfermeria\/wp-content\/uploads\/sites\/2\/2025\/12\/92.pdf\">Brenda Hidalgo Mares<\/a><br \/>\n<a href=\"https:\/\/academia.uaa.mx\/congresoenfermeria\/wp-content\/uploads\/sites\/2\/2025\/12\/83.pdf\">Daniel Jim\u00e9nez Garc\u00eda<\/a><br \/>\n<a href=\"https:\/\/academia.uaa.mx\/congresoenfermeria\/wp-content\/uploads\/sites\/2\/2025\/12\/98.pdf\">Daniela Marisol Soto Cisneros<\/a><br \/>\n<a href=\"https:\/\/academia.uaa.mx\/congresoenfermeria\/wp-content\/uploads\/sites\/2\/2025\/12\/110.pdf\">Daniela&nbsp;Mart\u00ednez Godinez<\/a><br \/>\n<a href=\"https:\/\/academia.uaa.mx\/congresoenfermeria\/wp-content\/uploads\/sites\/2\/2025\/12\/87.pdf\">David Rodr\u00edguez Villagr\u00e1n<\/a><br \/>\n<a href=\"https:\/\/academia.uaa.mx\/congresoenfermeria\/wp-content\/uploads\/sites\/2\/2025\/12\/103.pdf\">Edgar Leopoldo Almar\u00e1z Mart\u00ednez<\/a><br \/>\n<a href=\"https:\/\/academia.uaa.mx\/congresoenfermeria\/wp-content\/uploads\/sites\/2\/2025\/12\/93.pdf\">Elvia Karina Palomino Ortiz<\/a><br \/>\n<a href=\"https:\/\/academia.uaa.mx\/congresoenfermeria\/wp-content\/uploads\/sites\/2\/2025\/12\/108.pdf\">Emma Aide\u00e9 Gabriela Aguirre Guti\u00e9rrez<\/a><br \/>\n<a href=\"https:\/\/academia.uaa.mx\/congresoenfermeria\/wp-content\/uploads\/sites\/2\/2025\/12\/62.pdf\">Erika Guadalupe L\u00f3pez Parga<\/a><br \/>\n<a href=\"https:\/\/academia.uaa.mx\/congresoenfermeria\/wp-content\/uploads\/sites\/2\/2025\/12\/68.pdf\">Erika Silva Morales<\/a><br \/>\n<a href=\"https:\/\/academia.uaa.mx\/congresoenfermeria\/wp-content\/uploads\/sites\/2\/2025\/12\/111.pdf\">Flor Eugenia&nbsp;Reyes Carrizales<\/a><br \/>\n<a href=\"https:\/\/academia.uaa.mx\/congresoenfermeria\/wp-content\/uploads\/sites\/2\/2025\/12\/56.pdf\">Flores Tapia Miriam del Carmen<\/a><br \/>\n<a href=\"https:\/\/academia.uaa.mx\/congresoenfermeria\/wp-content\/uploads\/sites\/2\/2025\/12\/81.pdf\">Francisco Javier Escoto Ju\u00e1rez<\/a><br \/>\n<a href=\"https:\/\/academia.uaa.mx\/congresoenfermeria\/wp-content\/uploads\/sites\/2\/2025\/12\/65.pdf\">Gabriela L\u00f3pez Fr\u00edas<\/a><br \/>\n<a href=\"https:\/\/academia.uaa.mx\/congresoenfermeria\/wp-content\/uploads\/sites\/2\/2025\/12\/52.pdf\">Gonz\u00e1lez Razo Eva Mishell<\/a><br \/>\n<a href=\"https:\/\/academia.uaa.mx\/congresoenfermeria\/wp-content\/uploads\/sites\/2\/2025\/12\/76.pdf\">Guadalupe del Carmen Gonz\u00e1lez Lastida<\/a><br \/>\n<a href=\"https:\/\/academia.uaa.mx\/congresoenfermeria\/wp-content\/uploads\/sites\/2\/2025\/12\/113.pdf\">Irma Guadalupe Ar\u00e1n Zamora&nbsp;&nbsp;<\/a><br \/>\n<a href=\"https:\/\/academia.uaa.mx\/congresoenfermeria\/wp-content\/uploads\/sites\/2\/2025\/12\/61.pdf\">Isabel Alejandra Guzm\u00e1n V\u00e1zquez<\/a><br \/>\n<a href=\"https:\/\/academia.uaa.mx\/congresoenfermeria\/wp-content\/uploads\/sites\/2\/2025\/12\/100.pdf\">Itzel Leticia Garnica Garc\u00eda<\/a><br \/>\n<a href=\"https:\/\/academia.uaa.mx\/congresoenfermeria\/wp-content\/uploads\/sites\/2\/2025\/12\/88.pdf\">Jes\u00fas H\u00e9ctor Ruiz Gallegos<\/a><br \/>\n<a href=\"https:\/\/academia.uaa.mx\/congresoenfermeria\/wp-content\/uploads\/sites\/2\/2025\/12\/112.pdf\">Jimena Ruiz&nbsp;Zu\u00f1iga<\/a><br \/>\n<a href=\"https:\/\/academia.uaa.mx\/congresoenfermeria\/wp-content\/uploads\/sites\/2\/2025\/12\/53.pdf\">Johana Paloma Flores Z\u00fa\u00f1iga<\/a><br \/>\n<a href=\"https:\/\/academia.uaa.mx\/congresoenfermeria\/wp-content\/uploads\/sites\/2\/2025\/12\/54.pdf\">Jorge Adalberto Rodr\u00edguez Hevia del Puerto<\/a><br \/>\n<a href=\"https:\/\/academia.uaa.mx\/congresoenfermeria\/wp-content\/uploads\/sites\/2\/2025\/12\/95.pdf\">Jos\u00e9 Adri\u00e1n Maturano Melgoza<\/a><br \/>\n<a href=\"https:\/\/academia.uaa.mx\/congresoenfermeria\/wp-content\/uploads\/sites\/2\/2025\/12\/46.pdf\">Jos\u00e9 Manuel Rodr\u00edguez Ram\u00edrez<\/a><br \/>\n<a href=\"https:\/\/academia.uaa.mx\/congresoenfermeria\/wp-content\/uploads\/sites\/2\/2025\/12\/90.pdf\">Juan Carlos Torres Herrera<\/a><br \/>\n<a href=\"https:\/\/academia.uaa.mx\/congresoenfermeria\/wp-content\/uploads\/sites\/2\/2025\/12\/48.pdf\">Juan Pablo G\u00f3mez Cardona<\/a><br \/>\n<a href=\"https:\/\/academia.uaa.mx\/congresoenfermeria\/wp-content\/uploads\/sites\/2\/2025\/12\/91.pdf\">Leslie Vanessa N\u00fa\u00f1ez Guzm\u00e1n<\/a><br \/>\n<a href=\"https:\/\/academia.uaa.mx\/congresoenfermeria\/wp-content\/uploads\/sites\/2\/2025\/12\/73.pdf\">Lidia Marisol Vargas Badillo<\/a><br \/>\n<a href=\"https:\/\/academia.uaa.mx\/congresoenfermeria\/wp-content\/uploads\/sites\/2\/2025\/12\/94.pdf\">Luis Fernando M\u00e1rquez Mart\u00ednez<\/a><br \/>\n<a href=\"https:\/\/academia.uaa.mx\/congresoenfermeria\/wp-content\/uploads\/sites\/2\/2025\/12\/96.pdf\">Luz Alejandra Salmer\u00f3n Guzm\u00e1n<\/a><br \/>\n<a href=\"https:\/\/academia.uaa.mx\/congresoenfermeria\/wp-content\/uploads\/sites\/2\/2025\/12\/59.pdf\">Ma. De los \u00c1ngeles G\u00f3mez Olmos<\/a><br \/>\n<a href=\"https:\/\/academia.uaa.mx\/congresoenfermeria\/wp-content\/uploads\/sites\/2\/2025\/12\/105.pdf\">Ma. de Lourdes Casta\u00f1eda Guerrero<\/a><br \/>\n<a href=\"https:\/\/academia.uaa.mx\/congresoenfermeria\/wp-content\/uploads\/sites\/2\/2025\/12\/97.pdf\">Ma. de Lourdes Rodr\u00edguez Medina<\/a><br \/>\n<a href=\"https:\/\/academia.uaa.mx\/congresoenfermeria\/wp-content\/uploads\/sites\/2\/2025\/12\/102.pdf\">Ma. Guadalupe Mu\u00f1oz L\u00f3pez<\/a><br \/>\n<a href=\"https:\/\/academia.uaa.mx\/congresoenfermeria\/wp-content\/uploads\/sites\/2\/2025\/12\/78.pdf\">Ma. Teresa Garc\u00eda Mata<\/a><br \/>\n<a href=\"https:\/\/academia.uaa.mx\/congresoenfermeria\/wp-content\/uploads\/sites\/2\/2025\/12\/106.pdf\">Ma. Teresa Mac\u00edas Galaviz<\/a><br \/>\n<a href=\"https:\/\/academia.uaa.mx\/congresoenfermeria\/wp-content\/uploads\/sites\/2\/2025\/12\/63.pdf\">Margarita Guti\u00e9rrez Esparza<\/a><br \/>\n<a href=\"https:\/\/academia.uaa.mx\/congresoenfermeria\/wp-content\/uploads\/sites\/2\/2025\/12\/69.pdf\">Mar\u00eda de los \u00c1ngeles Galv\u00e1n Barba<\/a><br \/>\n<a href=\"https:\/\/academia.uaa.mx\/congresoenfermeria\/wp-content\/uploads\/sites\/2\/2025\/12\/71.pdf\">Mar\u00eda del Rosario Rodr\u00edguez Lim\u00f3n<\/a><br \/>\n<a href=\"https:\/\/academia.uaa.mx\/congresoenfermeria\/wp-content\/uploads\/sites\/2\/2025\/12\/74.pdf\">Mar\u00eda Guadalupe Cruz Hern\u00e1ndez<\/a><br \/>\n<a href=\"https:\/\/academia.uaa.mx\/congresoenfermeria\/wp-content\/uploads\/sites\/2\/2025\/12\/101.pdf\">Mar\u00eda Guadalupe Torres Ramirez<\/a><br \/>\n<a href=\"https:\/\/academia.uaa.mx\/congresoenfermeria\/wp-content\/uploads\/sites\/2\/2025\/12\/51.pdf\">Mar\u00eda Karen Mac\u00edas Romo<\/a><br \/>\n<a href=\"https:\/\/academia.uaa.mx\/congresoenfermeria\/wp-content\/uploads\/sites\/2\/2025\/12\/55.pdf\">Maricruz Esquivel G\u00e1mez<\/a><br \/>\n<a href=\"https:\/\/academia.uaa.mx\/congresoenfermeria\/wp-content\/uploads\/sites\/2\/2025\/12\/50.pdf\">Mariely Acosta \u00c1lvarez<\/a><br \/>\n<a href=\"https:\/\/academia.uaa.mx\/congresoenfermeria\/wp-content\/uploads\/sites\/2\/2025\/12\/49.pdf\">Nery Guerrero Mojica<\/a><br \/>\n<a href=\"https:\/\/academia.uaa.mx\/congresoenfermeria\/wp-content\/uploads\/sites\/2\/2025\/12\/109.pdf\">Oscar Andr\u00e9s Segura Gonz\u00e1lez<\/a><br \/>\n<a href=\"https:\/\/academia.uaa.mx\/congresoenfermeria\/wp-content\/uploads\/sites\/2\/2025\/12\/114.pdf\">Paola Montoya Esparza&nbsp;&nbsp;<\/a><br \/>\n<a href=\"https:\/\/academia.uaa.mx\/congresoenfermeria\/wp-content\/uploads\/sites\/2\/2025\/12\/107.pdf\">Raquel Contreras Anguiano<\/a><br \/>\n<a href=\"https:\/\/academia.uaa.mx\/congresoenfermeria\/wp-content\/uploads\/sites\/2\/2025\/12\/115.pdf\">Ra\u00fal&nbsp;Alba L\u00f3pez<\/a><br \/>\n<a href=\"https:\/\/academia.uaa.mx\/congresoenfermeria\/wp-content\/uploads\/sites\/2\/2025\/12\/104.pdf\">Ricardo Agust\u00edn Suarez Camacho<\/a><br \/>\n<a href=\"https:\/\/academia.uaa.mx\/congresoenfermeria\/wp-content\/uploads\/sites\/2\/2025\/12\/75.pdf\">Roc\u00edo de Le\u00f3n Correa<\/a><br \/>\n<a href=\"https:\/\/academia.uaa.mx\/congresoenfermeria\/wp-content\/uploads\/sites\/2\/2025\/12\/67.pdf\">Rosaura Carolina \u00c1vila Orozco<\/a><br \/>\n<a href=\"https:\/\/academia.uaa.mx\/congresoenfermeria\/wp-content\/uploads\/sites\/2\/2025\/12\/82.pdf\">Silvia Patricia Gonzalez Flores<\/a><br \/>\n<a href=\"https:\/\/academia.uaa.mx\/congresoenfermeria\/wp-content\/uploads\/sites\/2\/2025\/12\/66.pdf\">Tania Lizeth Salas Gonz\u00e1lez<\/a><br \/>\n<a href=\"https:\/\/academia.uaa.mx\/congresoenfermeria\/wp-content\/uploads\/sites\/2\/2025\/12\/86.pdf\">Tatiana Alessandra Bernal P\u00e9rez<\/a><br \/>\n<a href=\"https:\/\/academia.uaa.mx\/congresoenfermeria\/wp-content\/uploads\/sites\/2\/2025\/12\/79.pdf\">Teresa de Jes\u00fas Gonz\u00e1lez Beltr\u00e1n<\/a><br \/>\n<a href=\"https:\/\/academia.uaa.mx\/congresoenfermeria\/wp-content\/uploads\/sites\/2\/2025\/12\/89.pdf\">Ver\u00f3nica Isela G\u00f3mez Esparza<\/a><br \/>\n<a href=\"https:\/\/academia.uaa.mx\/congresoenfermeria\/wp-content\/uploads\/sites\/2\/2025\/12\/47.png\">V\u00edctor Federico Rodr\u00edguez Nava<\/a><\/div>\n<p>&nbsp;<\/p>\n<div>&nbsp;<\/div>\n<p>&nbsp;<\/p>\n<p>&nbsp;<\/p>\n<div>&nbsp;<\/div>\n<p>&nbsp;<\/p>\n<div>&nbsp;<\/div>\n<div>&nbsp;<\/div>\n","protected":false},"excerpt":{"rendered":"<p>Descarga las constancias del Comit\u00e9 Organizador CUE 2025: Adelita Anguiano Mart\u00ednez Adri\u00e1n Carrillo Delgadillo Ana Cecilia Capetillo Serna Ana Cecilia<\/p>\n","protected":false},"author":3,"featured_media":0,"parent":0,"menu_order":0,"comment_status":"closed","ping_status":"closed","template":"","meta":{"_acf_changed":false,"colormag_page_container_layout":"default_layout","colormag_page_sidebar_layout":"default_layout","ngg_post_thumbnail":0,"footnotes":""},"class_list":["post-2235","page","type-page","status-publish","hentry"],"acf":[],"_links":{"self":[{"href":"https:\/\/academia.uaa.mx\/congresoenfermeria\/wp-json\/wp\/v2\/pages\/2235","targetHints":{"allow":["GET"]}}],"collection":[{"href":"https:\/\/academia.uaa.mx\/congresoenfermeria\/wp-json\/wp\/v2\/pages"}],"about":[{"href":"https:\/\/academia.uaa.mx\/congresoenfermeria\/wp-json\/wp\/v2\/types\/page"}],"author":[{"embeddable":true,"href":"https:\/\/academia.uaa.mx\/congresoenfermeria\/wp-json\/wp\/v2\/users\/3"}],"replies":[{"embeddable":true,"href":"https:\/\/academia.uaa.mx\/congresoenfermeria\/wp-json\/wp\/v2\/comments?post=2235"}],"version-history":[{"count":6,"href":"https:\/\/academia.uaa.mx\/congresoenfermeria\/wp-json\/wp\/v2\/pages\/2235\/revisions"}],"predecessor-version":[{"id":2384,"href":"https:\/\/academia.uaa.mx\/congresoenfermeria\/wp-json\/wp\/v2\/pages\/2235\/revisions\/2384"}],"wp:attachment":[{"href":"https:\/\/academia.uaa.mx\/congresoenfermeria\/wp-json\/wp\/v2\/media?parent=2235"}],"curies":[{"name":"wp","href":"https:\/\/api.w.org\/{rel}","templated":true}]}}