{"id":680,"date":"2021-02-26T20:08:28","date_gmt":"2021-02-27T02:08:28","guid":{"rendered":"https:\/\/academia.uaa.mx\/congresoenfermeria\/?page_id=680"},"modified":"2024-08-01T23:05:03","modified_gmt":"2024-08-02T05:05:03","slug":"registrocarteles","status":"publish","type":"page","link":"https:\/\/academia.uaa.mx\/congresoenfermeria\/registrocarteles\/","title":{"rendered":"REGISTRO DE CARTELES"},"content":{"rendered":"<p><img loading=\"lazy\" decoding=\"async\" class=\"alignnone size-full wp-image-1309 aligncenter\" src=\"https:\/\/academia.uaa.mx\/congresoenfermeria\/wp-content\/uploads\/sites\/2\/2024\/08\/4.png\" alt=\"\" width=\"800\" height=\"200\" srcset=\"https:\/\/academia.uaa.mx\/congresoenfermeria\/wp-content\/uploads\/sites\/2\/2024\/08\/4.png 800w, https:\/\/academia.uaa.mx\/congresoenfermeria\/wp-content\/uploads\/sites\/2\/2024\/08\/4-300x75.png 300w, https:\/\/academia.uaa.mx\/congresoenfermeria\/wp-content\/uploads\/sites\/2\/2024\/08\/4-768x192.png 768w\" sizes=\"auto, (max-width: 800px) 100vw, 800px\" \/><\/p>\n<p><strong>La Licenciatura en Enfermer\u00eda<\/strong>, del Centro de Ciencias de la Salud, de la Universidad Aut\u00f3noma de Aguascalientes llevar\u00e1 a cabo el XIV Congreso Universitario de Enfermer\u00eda con el <strong>Tema Central: Formaci\u00f3n y ejercicio de la enfermer\u00eda actual en M\u00e9xico: Innovando el cuidado <\/strong>los d\u00edas<strong> 22 y 26 agosto de 2024<\/strong>&nbsp;en el Sal\u00f3n Universitario de Usos M\u00faltiples.<\/p>\n<p>Motivo por el cual se invita a participar con trabajos de investigaci\u00f3n concluida en modalidad de cartel a Profesionales, Pasantes y Estudiantes de Enfermer\u00eda de instituciones de salud y educativas, p\u00fablicas y privadas, nacionales e internacionales. <a href=\"https:\/\/academia.uaa.mx\/congresoenfermeria\/wp-content\/uploads\/sites\/2\/2023\/09\/CARTEL-XIII-CONGRESO-DE-ENFERMERIA-2023.pdf\" target=\"_blank\" rel=\"noopener\">Ver convocatoria 2023<\/a><\/p>\n<p><img loading=\"lazy\" decoding=\"async\" class=\"size-full wp-image-1101 aligncenter\" src=\"https:\/\/academia.uaa.mx\/congresoenfermeria\/wp-content\/uploads\/sites\/2\/2023\/09\/CARTEL-XIII-CONGRESO-DE-ENFERMERIA-2023.png\" alt=\"\" width=\"542\" height=\"833\" srcset=\"https:\/\/academia.uaa.mx\/congresoenfermeria\/wp-content\/uploads\/sites\/2\/2023\/09\/CARTEL-XIII-CONGRESO-DE-ENFERMERIA-2023.png 542w, https:\/\/academia.uaa.mx\/congresoenfermeria\/wp-content\/uploads\/sites\/2\/2023\/09\/CARTEL-XIII-CONGRESO-DE-ENFERMERIA-2023-195x300.png 195w\" sizes=\"auto, (max-width: 542px) 100vw, 542px\" \/><\/p>\n<p style=\"text-align: center\">\n<div class=\"wpcf7 no-js\" id=\"wpcf7-f1069-o1\" lang=\"es-MX\" dir=\"ltr\" data-wpcf7-id=\"1069\">\n<div class=\"screen-reader-response\"><p role=\"status\" aria-live=\"polite\" aria-atomic=\"true\"><\/p> <ul><\/ul><\/div>\n<form action=\"\/congresoenfermeria\/wp-json\/wp\/v2\/pages\/680#wpcf7-f1069-o1\" method=\"post\" class=\"wpcf7-form init\" aria-label=\"Formulario de contacto\" enctype=\"multipart\/form-data\" novalidate=\"novalidate\" data-status=\"init\">\n<fieldset class=\"hidden-fields-container\"><input type=\"hidden\" name=\"_wpcf7\" value=\"1069\" \/><input type=\"hidden\" name=\"_wpcf7_version\" value=\"6.1.2\" \/><input type=\"hidden\" name=\"_wpcf7_locale\" value=\"es_MX\" \/><input type=\"hidden\" name=\"_wpcf7_unit_tag\" value=\"wpcf7-f1069-o1\" \/><input type=\"hidden\" name=\"_wpcf7_container_post\" value=\"0\" \/><input type=\"hidden\" name=\"_wpcf7_posted_data_hash\" value=\"\" \/><input type=\"hidden\" name=\"_wpcf7dtx_version\" value=\"5.0.3\" \/>\n<\/fieldset>\n<p>Registro de Autores, con el formato Apellido Nombre separado por comas (Apellidos Nombre, Apellidos Nombre ...)<br \/>\n<span class=\"wpcf7-form-control-wrap\" data-name=\"Autores\"><input size=\"40\" maxlength=\"400\" class=\"wpcf7-form-control wpcf7-text wpcf7-validates-as-required\" aria-required=\"true\" aria-invalid=\"false\" placeholder=\"Apellido(s) Nombre(s), Apellido(s) Nombre(s)\" value=\"\" type=\"text\" name=\"Autores\" \/><\/span>\n<\/p>\n<p>Ingrese el correo de contacto para los mensajes a los autores<br \/>\n<span class=\"wpcf7-form-control-wrap\" data-name=\"correo-contacto\"><input size=\"40\" maxlength=\"400\" class=\"wpcf7-form-control wpcf7-email wpcf7-validates-as-required wpcf7-text wpcf7-validates-as-email\" aria-required=\"true\" aria-invalid=\"false\" placeholder=\"contacto@gmail.com\" value=\"\" type=\"email\" name=\"correo-contacto\" \/><\/span>\n<\/p>\n<p>T\u00edtulo del Cartel<br \/>\n<span class=\"wpcf7-form-control-wrap\" data-name=\"Titulo-Cartel\"><input size=\"40\" maxlength=\"400\" class=\"wpcf7-form-control wpcf7-text wpcf7-validates-as-required\" aria-required=\"true\" aria-invalid=\"false\" placeholder=\"escriba su t\u00edtulo\" value=\"\" type=\"text\" name=\"Titulo-Cartel\" \/><\/span>\n<\/p>\n<p>Instituci\u00f3n de representaci\u00f3n o procedencia<br \/>\n<span class=\"wpcf7-form-control-wrap\" data-name=\"Institucion\"><input size=\"40\" maxlength=\"400\" class=\"wpcf7-form-control wpcf7-text wpcf7-validates-as-required\" aria-required=\"true\" aria-invalid=\"false\" placeholder=\"Instituci\u00f3n de procedencia\" value=\"\" type=\"text\" name=\"Institucion\" \/><\/span>\n<\/p>\n<p>Archivo PDF del recibo de pago o transferencia (uno por equipo)<br \/>\n<span class=\"wpcf7-form-control-wrap\" data-name=\"doc-pago\"><input size=\"40\" class=\"wpcf7-form-control wpcf7-file wpcf7-validates-as-required\" accept=\".pdf\" aria-required=\"true\" aria-invalid=\"false\" type=\"file\" name=\"doc-pago\" \/><\/span>\n<\/p>\n<p>Archivo PDF del Cartel (cumpliendo lineamientos y tama\u00f1o m\u00e1ximo ver convocatoria)<br \/>\n<span class=\"wpcf7-form-control-wrap\" data-name=\"doc-cartel\"><input size=\"40\" class=\"wpcf7-form-control wpcf7-file wpcf7-validates-as-required\" accept=\".pdf\" aria-required=\"true\" aria-invalid=\"false\" type=\"file\" name=\"doc-cartel\" \/><\/span>\n<\/p>\n<p><input class=\"wpcf7-form-control wpcf7-submit has-spinner\" type=\"submit\" value=\"REGISTRAR\" \/>\n<\/p><div class=\"wpcf7-response-output\" aria-hidden=\"true\"><\/div>\n<\/form>\n<\/div>\n<\/p>\n","protected":false},"excerpt":{"rendered":"<p>La Licenciatura en Enfermer\u00eda, del Centro de Ciencias de la Salud, de la Universidad Aut\u00f3noma de Aguascalientes llevar\u00e1 a cabo<\/p>\n","protected":false},"author":12,"featured_media":0,"parent":0,"menu_order":0,"comment_status":"closed","ping_status":"closed","template":"","meta":{"_acf_changed":false,"colormag_page_container_layout":"default_layout","colormag_page_sidebar_layout":"default_layout","ngg_post_thumbnail":0,"footnotes":""},"class_list":["post-680","page","type-page","status-publish","hentry"],"acf":[],"_links":{"self":[{"href":"https:\/\/academia.uaa.mx\/congresoenfermeria\/wp-json\/wp\/v2\/pages\/680","targetHints":{"allow":["GET"]}}],"collection":[{"href":"https:\/\/academia.uaa.mx\/congresoenfermeria\/wp-json\/wp\/v2\/pages"}],"about":[{"href":"https:\/\/academia.uaa.mx\/congresoenfermeria\/wp-json\/wp\/v2\/types\/page"}],"author":[{"embeddable":true,"href":"https:\/\/academia.uaa.mx\/congresoenfermeria\/wp-json\/wp\/v2\/users\/12"}],"replies":[{"embeddable":true,"href":"https:\/\/academia.uaa.mx\/congresoenfermeria\/wp-json\/wp\/v2\/comments?post=680"}],"version-history":[{"count":15,"href":"https:\/\/academia.uaa.mx\/congresoenfermeria\/wp-json\/wp\/v2\/pages\/680\/revisions"}],"predecessor-version":[{"id":1320,"href":"https:\/\/academia.uaa.mx\/congresoenfermeria\/wp-json\/wp\/v2\/pages\/680\/revisions\/1320"}],"wp:attachment":[{"href":"https:\/\/academia.uaa.mx\/congresoenfermeria\/wp-json\/wp\/v2\/media?parent=680"}],"curies":[{"name":"wp","href":"https:\/\/api.w.org\/{rel}","templated":true}]}}