{"id":915,"date":"2022-10-18T21:06:08","date_gmt":"2022-10-19T02:06:08","guid":{"rendered":"https:\/\/academia.uaa.mx\/congresoenfermeria\/?page_id=915"},"modified":"2025-08-07T13:28:31","modified_gmt":"2025-08-07T19:28:31","slug":"registroparticipante","status":"publish","type":"page","link":"https:\/\/academia.uaa.mx\/congresoenfermeria\/registroparticipante\/","title":{"rendered":"Registro Participantes"},"content":{"rendered":"<p><img loading=\"lazy\" decoding=\"async\" class=\"alignnone size-full wp-image-1308 aligncenter\" src=\"https:\/\/academia.uaa.mx\/congresoenfermeria\/wp-content\/uploads\/sites\/2\/2025\/07\/menu_registro.png\" alt=\"\" width=\"800\" height=\"200\" \/><\/p>\n<p style=\"text-align: center\">Si desea registrarse como participante en el XV Congreso Universitario de Enfermer\u00eda, complete adecuadamente el siguiente formulario. Por favor, revise cuidadosamente que todos los datos proporcionados sean correctos.<\/p>\n<p style=\"text-align: center\">Es fundamental no enviar el formulario de registro sin antes asegurarse de que la informaci\u00f3n proporcionada sea precisa. Antes de realizar un segundo registro, aseg\u00farese de recargar la p\u00e1gina del navegador.<\/p>\n<p>&nbsp;<\/p>\n\n<div class=\"wpcf7 no-js\" id=\"wpcf7-f1461-o1\" lang=\"es-MX\" dir=\"ltr\" data-wpcf7-id=\"1461\">\n<div class=\"screen-reader-response\"><p role=\"status\" aria-live=\"polite\" aria-atomic=\"true\"><\/p> <ul><\/ul><\/div>\n<form action=\"\/congresoenfermeria\/wp-json\/wp\/v2\/pages\/915#wpcf7-f1461-o1\" method=\"post\" class=\"wpcf7-form init\" aria-label=\"Formulario de contacto\" enctype=\"multipart\/form-data\" novalidate=\"novalidate\" data-status=\"init\">\n<fieldset class=\"hidden-fields-container\"><input type=\"hidden\" name=\"_wpcf7\" value=\"1461\" \/><input type=\"hidden\" name=\"_wpcf7_version\" value=\"6.1.2\" \/><input type=\"hidden\" name=\"_wpcf7_locale\" value=\"es_MX\" \/><input type=\"hidden\" name=\"_wpcf7_unit_tag\" value=\"wpcf7-f1461-o1\" \/><input type=\"hidden\" name=\"_wpcf7_container_post\" value=\"0\" \/><input type=\"hidden\" name=\"_wpcf7_posted_data_hash\" value=\"\" \/><input type=\"hidden\" name=\"_wpcf7dtx_version\" value=\"5.0.3\" \/>\n<\/fieldset>\n<p>Ingresa tu(s) Apellido(s) Nombre(s) . Toma en cuenta que con este nombre se te otorgar\u00e1 la constancia. (requerido)<br \/>\n<span class=\"wpcf7-form-control-wrap\" data-name=\"apellidos-nombres\"><input size=\"40\" maxlength=\"400\" class=\"wpcf7-form-control wpcf7-text wpcf7-validates-as-required\" aria-required=\"true\" aria-invalid=\"false\" placeholder=\"Apellidos Nombres\" value=\"\" type=\"text\" name=\"apellidos-nombres\" \/><\/span>\n<\/p>\n<p>Sexo (requerido)<br \/>\n<span class=\"wpcf7-form-control-wrap\" data-name=\"Sexo\"><span class=\"wpcf7-form-control wpcf7-radio\"><span class=\"wpcf7-list-item first\"><input type=\"radio\" name=\"Sexo\" value=\"Hombre\" checked=\"checked\" \/><span class=\"wpcf7-list-item-label\">Hombre<\/span><\/span><span class=\"wpcf7-list-item\"><input type=\"radio\" name=\"Sexo\" value=\"Mujer\" \/><span class=\"wpcf7-list-item-label\">Mujer<\/span><\/span><span class=\"wpcf7-list-item last\"><input type=\"radio\" name=\"Sexo\" value=\"Otro\" \/><span class=\"wpcf7-list-item-label\">Otro<\/span><\/span><\/span><\/span>\n<\/p>\n<p>Tu correo electr\u00f3nico. Favor de verificar que la direcci\u00f3n del correo no contenga errores y se encuentre activa. (requerido)<br \/>\n<span class=\"wpcf7-form-control-wrap\" data-name=\"correo-electronico\"><input size=\"40\" maxlength=\"400\" class=\"wpcf7-form-control wpcf7-email wpcf7-validates-as-required wpcf7-text wpcf7-validates-as-email\" aria-required=\"true\" aria-invalid=\"false\" placeholder=\"BernardoUaa@gmail.com\" value=\"\" type=\"email\" name=\"correo-electronico\" \/><\/span>\n<\/p>\n<p>Estado de Residencia- Estado (requerido)<br \/>\n<span class=\"wpcf7-form-control-wrap\" data-name=\"lugar-residencia\"><input size=\"40\" maxlength=\"400\" class=\"wpcf7-form-control wpcf7-text wpcf7-validates-as-required\" aria-required=\"true\" aria-invalid=\"false\" placeholder=\"Estado\" value=\"\" type=\"text\" name=\"lugar-residencia\" \/><\/span>\n<\/p>\n<p>Pa\u00eds de Residencia - Pa\u00eds. (requerido)<br \/>\n<span class=\"wpcf7-form-control-wrap\" data-name=\"lugar-residencia\"><input size=\"40\" maxlength=\"400\" class=\"wpcf7-form-control wpcf7-text wpcf7-validates-as-required\" aria-required=\"true\" aria-invalid=\"false\" placeholder=\"Pa\u00eds\" value=\"\" type=\"text\" name=\"lugar-residencia\" \/><\/span>\n<\/p>\n<p>Insitituci\u00f3n educativa (requerido)<br \/>\n<span class=\"wpcf7-form-control-wrap\" data-name=\"educativa\"><span class=\"wpcf7-form-control wpcf7-radio\"><span class=\"wpcf7-list-item first\"><input type=\"radio\" name=\"educativa\" value=\"Universidad Aut\u00f3noma de Aguascalientes\" checked=\"checked\" \/><span class=\"wpcf7-list-item-label\">Universidad Aut\u00f3noma de Aguascalientes<\/span><\/span><span class=\"wpcf7-list-item last\"><input type=\"radio\" name=\"educativa\" value=\"Otro (especifique en seguida)\" \/><span class=\"wpcf7-list-item-label\">Otro (especifique en seguida)<\/span><\/span><\/span><\/span>\n<\/p>\n<p>Si elegiste OTRA Instituci\u00f3n educativa favor de especificarla<br \/>\n<span class=\"wpcf7-form-control-wrap\" data-name=\"otra-institucion\"><input size=\"40\" maxlength=\"400\" class=\"wpcf7-form-control wpcf7-text\" aria-invalid=\"false\" placeholder=\"otra instituci\u00f3n educativa\" value=\"\" type=\"text\" name=\"otra-institucion\" \/><\/span>\n<\/p>\n<p>Si trabajas en alguna instituci\u00f3n favor de especificarla (requerido)<br \/>\n<span class=\"wpcf7-form-control-wrap\" data-name=\"laboral\"><span class=\"wpcf7-form-control wpcf7-radio\"><span class=\"wpcf7-list-item first\"><input type=\"radio\" name=\"laboral\" value=\"IMSS\" checked=\"checked\" \/><span class=\"wpcf7-list-item-label\">IMSS<\/span><\/span><span class=\"wpcf7-list-item\"><input type=\"radio\" name=\"laboral\" value=\"ISSSTE\" \/><span class=\"wpcf7-list-item-label\">ISSSTE<\/span><\/span><span class=\"wpcf7-list-item\"><input type=\"radio\" name=\"laboral\" value=\"SSA\" \/><span class=\"wpcf7-list-item-label\">SSA<\/span><\/span><span class=\"wpcf7-list-item\"><input type=\"radio\" name=\"laboral\" value=\"Otro (especifique en seguida)\" \/><span class=\"wpcf7-list-item-label\">Otro (especifique en seguida)<\/span><\/span><span class=\"wpcf7-list-item last\"><input type=\"radio\" name=\"laboral\" value=\"No aplica\" \/><span class=\"wpcf7-list-item-label\">No aplica<\/span><\/span><\/span><\/span>\n<\/p>\n<p>Si elegiste OTRA Instituci\u00f3n favor de especificarla<br \/>\n<span class=\"wpcf7-form-control-wrap\" data-name=\"otra-institucion\"><input size=\"40\" maxlength=\"400\" class=\"wpcf7-form-control wpcf7-text\" aria-invalid=\"false\" placeholder=\"otra instituci\u00f3n\" value=\"\" type=\"text\" name=\"otra-institucion\" \/><\/span>\n<\/p>\n<p>Si eres un estudiante o profesor de la UAA por favor ingresa tu ID UAA. (requerido solo para la UAA)<br \/>\n<span class=\"wpcf7-form-control-wrap\" data-name=\"uaa-id\"><input class=\"wpcf7-form-control wpcf7-number wpcf7-validates-as-number\" aria-invalid=\"false\" placeholder=\"num uaa\" value=\"\" type=\"number\" name=\"uaa-id\" \/><\/span>\n<\/p>\n<p>Si eres estudiante, por favor selecciona tu grado (requerido)<br \/>\n<span class=\"wpcf7-form-control-wrap\" data-name=\"Grado\"><span class=\"wpcf7-form-control wpcf7-radio\"><span class=\"wpcf7-list-item first\"><input type=\"radio\" name=\"Grado\" value=\"1\" checked=\"checked\" \/><span class=\"wpcf7-list-item-label\">1<\/span><\/span><span class=\"wpcf7-list-item\"><input type=\"radio\" name=\"Grado\" value=\"2\" \/><span class=\"wpcf7-list-item-label\">2<\/span><\/span><span class=\"wpcf7-list-item\"><input type=\"radio\" name=\"Grado\" value=\"3\" \/><span class=\"wpcf7-list-item-label\">3<\/span><\/span><span class=\"wpcf7-list-item\"><input type=\"radio\" name=\"Grado\" value=\"4\" \/><span class=\"wpcf7-list-item-label\">4<\/span><\/span><span class=\"wpcf7-list-item\"><input type=\"radio\" name=\"Grado\" value=\"5\" \/><span class=\"wpcf7-list-item-label\">5<\/span><\/span><span class=\"wpcf7-list-item\"><input type=\"radio\" name=\"Grado\" value=\"6\" \/><span class=\"wpcf7-list-item-label\">6<\/span><\/span><span class=\"wpcf7-list-item\"><input type=\"radio\" name=\"Grado\" value=\"7\" \/><span class=\"wpcf7-list-item-label\">7<\/span><\/span><span class=\"wpcf7-list-item\"><input type=\"radio\" name=\"Grado\" value=\"8\" \/><span class=\"wpcf7-list-item-label\">8<\/span><\/span><span class=\"wpcf7-list-item last\"><input type=\"radio\" name=\"Grado\" value=\"No aplica\" \/><span class=\"wpcf7-list-item-label\">No aplica<\/span><\/span><\/span><\/span>\n<\/p>\n<p>Si eres estudiante, por favor selecciona tu grupo (requerido)<br \/>\n<span class=\"wpcf7-form-control-wrap\" data-name=\"Grupo\"><span class=\"wpcf7-form-control wpcf7-radio\"><span class=\"wpcf7-list-item first\"><input type=\"radio\" name=\"Grupo\" value=\"A\" checked=\"checked\" \/><span class=\"wpcf7-list-item-label\">A<\/span><\/span><span class=\"wpcf7-list-item\"><input type=\"radio\" name=\"Grupo\" value=\"B\" \/><span class=\"wpcf7-list-item-label\">B<\/span><\/span><span class=\"wpcf7-list-item\"><input type=\"radio\" name=\"Grupo\" value=\"C\" \/><span class=\"wpcf7-list-item-label\">C<\/span><\/span><span class=\"wpcf7-list-item last\"><input type=\"radio\" name=\"Grupo\" value=\"No aplica\" \/><span class=\"wpcf7-list-item-label\">No aplica<\/span><\/span><\/span><\/span>\n<\/p>\n<p>Perfil Profesional o \u00daltimo grado de estudio. (requerido)<br \/>\n<span class=\"wpcf7-form-control-wrap\" data-name=\"perfil-pro\"><span class=\"wpcf7-form-control wpcf7-radio\"><span class=\"wpcf7-list-item first\"><span class=\"wpcf7-list-item-label\">T\u00e9cnico en Enfermer\u00eda<\/span><input type=\"radio\" name=\"perfil-pro\" value=\"T\u00e9cnico en Enfermer\u00eda\" checked=\"checked\" \/><\/span><span class=\"wpcf7-list-item\"><span class=\"wpcf7-list-item-label\">Licenciado en Enfermer\u00eda<\/span><input type=\"radio\" name=\"perfil-pro\" value=\"Licenciado en Enfermer\u00eda\" \/><\/span><span class=\"wpcf7-list-item\"><span class=\"wpcf7-list-item-label\">Especialista<\/span><input type=\"radio\" name=\"perfil-pro\" value=\"Especialista\" \/><\/span><span class=\"wpcf7-list-item\"><span class=\"wpcf7-list-item-label\">Maestr\u00eda<\/span><input type=\"radio\" name=\"perfil-pro\" value=\"Maestr\u00eda\" \/><\/span><span class=\"wpcf7-list-item\"><span class=\"wpcf7-list-item-label\">Doctorado<\/span><input type=\"radio\" name=\"perfil-pro\" value=\"Doctorado\" \/><\/span><span class=\"wpcf7-list-item\"><span class=\"wpcf7-list-item-label\">Estudiante de Licenciatura en Enfermer\u00eda<\/span><input type=\"radio\" name=\"perfil-pro\" value=\"Estudiante de Licenciatura en Enfermer\u00eda\" \/><\/span><span class=\"wpcf7-list-item\"><span class=\"wpcf7-list-item-label\">Estudiante para T\u00e9cnico en Enfermer\u00eda<\/span><input type=\"radio\" name=\"perfil-pro\" value=\"Estudiante para T\u00e9cnico en Enfermer\u00eda\" \/><\/span><span class=\"wpcf7-list-item\"><span class=\"wpcf7-list-item-label\">Estudiante de Posgrado<\/span><input type=\"radio\" name=\"perfil-pro\" value=\"Estudiante de Posgrado\" \/><\/span><span class=\"wpcf7-list-item last\"><span class=\"wpcf7-list-item-label\">Otro (especifique en seguida)<\/span><input type=\"radio\" name=\"perfil-pro\" value=\"Otro (especifique en seguida)\" \/><\/span><\/span><\/span>\n<\/p>\n<p>Si elegiste OTRO Perfil favor de especificarlo<br \/>\n<span class=\"wpcf7-form-control-wrap\" data-name=\"otro-perfil\"><input size=\"40\" maxlength=\"400\" class=\"wpcf7-form-control wpcf7-text\" aria-invalid=\"false\" placeholder=\"otro perfil profesional\" value=\"\" type=\"text\" name=\"otro-perfil\" \/><\/span>\n<\/p>\n<p>Marca todas las opciones que representen la forma en la cual te enteraste de nuestro Congreso. (requerido)<br \/>\n<span class=\"wpcf7-form-control-wrap\" data-name=\"enterado-por\"><span class=\"wpcf7-form-control wpcf7-checkbox wpcf7-validates-as-required\"><span class=\"wpcf7-list-item first\"><input type=\"checkbox\" name=\"enterado-por[]\" value=\"Facebook\" \/><span class=\"wpcf7-list-item-label\">Facebook<\/span><\/span><span class=\"wpcf7-list-item\"><input type=\"checkbox\" name=\"enterado-por[]\" value=\"Instagram\" \/><span class=\"wpcf7-list-item-label\">Instagram<\/span><\/span><span class=\"wpcf7-list-item\"><input type=\"checkbox\" name=\"enterado-por[]\" value=\"Sitio web del Congreso\" \/><span class=\"wpcf7-list-item-label\">Sitio web del Congreso<\/span><\/span><span class=\"wpcf7-list-item\"><input type=\"checkbox\" name=\"enterado-por[]\" value=\"Whatsapp\" \/><span class=\"wpcf7-list-item-label\">Whatsapp<\/span><\/span><span class=\"wpcf7-list-item\"><input type=\"checkbox\" name=\"enterado-por[]\" value=\"Twitter\" \/><span class=\"wpcf7-list-item-label\">Twitter<\/span><\/span><span class=\"wpcf7-list-item\"><input type=\"checkbox\" name=\"enterado-por[]\" value=\"Recomendaci\u00f3n personal\" \/><span class=\"wpcf7-list-item-label\">Recomendaci\u00f3n personal<\/span><\/span><span class=\"wpcf7-list-item last\"><input type=\"checkbox\" name=\"enterado-por[]\" value=\"Otro medio (especifique en seguida)\" \/><span class=\"wpcf7-list-item-label\">Otro medio (especifique en seguida)<\/span><\/span><\/span><\/span>\n<\/p>\n<p>Si elegiste Otro Medio favor de especificarlo<br \/>\n<span class=\"wpcf7-form-control-wrap\" data-name=\"otro-medio\"><input size=\"40\" maxlength=\"400\" class=\"wpcf7-form-control wpcf7-text\" aria-invalid=\"false\" placeholder=\"otro medio\" value=\"\" type=\"text\" name=\"otro-medio\" \/><\/span>\n<\/p>\n<p>Archivo PDF del comprobante de pago (Requerido)<br \/>\n<span class=\"wpcf7-form-control-wrap\" data-name=\"doc-pago\"><input size=\"40\" class=\"wpcf7-form-control wpcf7-file wpcf7-validates-as-required\" accept=\".pdf\" aria-required=\"true\" aria-invalid=\"false\" type=\"file\" name=\"doc-pago\" \/><\/span>\n<\/p>\n<p>Al concluir tu registro se te enviar\u00e1 un correo de confirmaci\u00f3n, favor de verificarlo, en caso de NO recibirlo, env\u00edenos un mensaje a nuestra p\u00e1gina de facebook: Congreso UNIVERSITARIO DE ENFERMER\u00cdA UAA.\n<\/p>\n<p>Forma de pago, seleccionar una opci\u00f3n (requerido)<br \/>\n<span class=\"wpcf7-form-control-wrap\" data-name=\"pago\"><span class=\"wpcf7-form-control wpcf7-radio\"><span class=\"wpcf7-list-item first\"><input type=\"radio\" name=\"pago\" value=\"Por transferencia\" checked=\"checked\" \/><span class=\"wpcf7-list-item-label\">Por transferencia<\/span><\/span><span class=\"wpcf7-list-item\"><input type=\"radio\" name=\"pago\" value=\"En cajas de la UAA\" \/><span class=\"wpcf7-list-item-label\">En cajas de la UAA<\/span><\/span><span class=\"wpcf7-list-item last\"><input type=\"radio\" name=\"pago\" value=\"Otro medio (especifique en seguida)\" \/><span class=\"wpcf7-list-item-label\">Otro medio (especifique en seguida)<\/span><\/span><\/span><\/span>\n<\/p>\n<p>Si elegiste OTRO MEDIO favor de especificarlo<br \/>\n<span class=\"wpcf7-form-control-wrap\" data-name=\"otro-pago\"><input size=\"40\" maxlength=\"400\" class=\"wpcf7-form-control wpcf7-text\" aria-invalid=\"false\" placeholder=\"otro medio de pago\" value=\"\" type=\"text\" name=\"otro-pago\" \/><\/span>\n<\/p>\n<p><input class=\"wpcf7-form-control wpcf7-submit has-spinner\" type=\"submit\" value=\"REGISTRAR\" \/>\n<\/p><div class=\"wpcf7-response-output\" aria-hidden=\"true\"><\/div>\n<\/form>\n<\/div>\n\n","protected":false},"excerpt":{"rendered":"<p>Si desea registrarse como participante en el XV Congreso Universitario de Enfermer\u00eda, complete adecuadamente el siguiente formulario. Por favor, revise<\/p>\n","protected":false},"author":6,"featured_media":0,"parent":0,"menu_order":0,"comment_status":"closed","ping_status":"closed","template":"","meta":{"_acf_changed":false,"colormag_page_container_layout":"default_layout","colormag_page_sidebar_layout":"default_layout","ngg_post_thumbnail":0,"footnotes":""},"class_list":["post-915","page","type-page","status-publish","hentry"],"acf":[],"_links":{"self":[{"href":"https:\/\/academia.uaa.mx\/congresoenfermeria\/wp-json\/wp\/v2\/pages\/915","targetHints":{"allow":["GET"]}}],"collection":[{"href":"https:\/\/academia.uaa.mx\/congresoenfermeria\/wp-json\/wp\/v2\/pages"}],"about":[{"href":"https:\/\/academia.uaa.mx\/congresoenfermeria\/wp-json\/wp\/v2\/types\/page"}],"author":[{"embeddable":true,"href":"https:\/\/academia.uaa.mx\/congresoenfermeria\/wp-json\/wp\/v2\/users\/6"}],"replies":[{"embeddable":true,"href":"https:\/\/academia.uaa.mx\/congresoenfermeria\/wp-json\/wp\/v2\/comments?post=915"}],"version-history":[{"count":25,"href":"https:\/\/academia.uaa.mx\/congresoenfermeria\/wp-json\/wp\/v2\/pages\/915\/revisions"}],"predecessor-version":[{"id":1554,"href":"https:\/\/academia.uaa.mx\/congresoenfermeria\/wp-json\/wp\/v2\/pages\/915\/revisions\/1554"}],"wp:attachment":[{"href":"https:\/\/academia.uaa.mx\/congresoenfermeria\/wp-json\/wp\/v2\/media?parent=915"}],"curies":[{"name":"wp","href":"https:\/\/api.w.org\/{rel}","templated":true}]}}