{"id":149,"date":"2021-07-27T16:42:05","date_gmt":"2021-07-27T16:42:05","guid":{"rendered":"https:\/\/academia.uaa.mx\/seminariodenutricion\/?page_id=149"},"modified":"2021-08-19T16:29:07","modified_gmt":"2021-08-19T21:29:07","slug":"ponentes","status":"publish","type":"page","link":"https:\/\/academia.uaa.mx\/seminariodenutricion\/ponentes\/","title":{"rendered":"Ponentes"},"content":{"rendered":"<div id=\"pl-149\"  class=\"panel-layout\" ><div id=\"pg-149-0\"  class=\"panel-grid panel-no-style\" ><div id=\"pgc-149-0-0\"  class=\"panel-grid-cell\" ><div id=\"panel-149-0-0-0\" class=\"so-panel widget widget_media_gallery panel-first-child panel-last-child widgetopts-SO\" data-index=\"0\" ><h3 class=\"widget-title\">Dra. Saby Camacho L\u00f3pez<\/h3><div id='gallery-1' class='gallery galleryid-149 gallery-columns-3 gallery-size-large'><figure class='gallery-item'>\n\t\t\t<div class='gallery-icon landscape'>\n\t\t\t\t<a href='https:\/\/academia.uaa.mx\/seminariodenutricion\/ponentes\/sabycamacho\/'><img loading=\"lazy\" decoding=\"async\" width=\"200\" height=\"200\" src=\"https:\/\/academia.uaa.mx\/seminariodenutricion\/wp-content\/uploads\/sites\/8\/2021\/07\/sabycamacho.jpg\" class=\"attachment-large size-large\" alt=\"\" srcset=\"https:\/\/academia.uaa.mx\/seminariodenutricion\/wp-content\/uploads\/sites\/8\/2021\/07\/sabycamacho.jpg 200w, https:\/\/academia.uaa.mx\/seminariodenutricion\/wp-content\/uploads\/sites\/8\/2021\/07\/sabycamacho-150x150.jpg 150w, https:\/\/academia.uaa.mx\/seminariodenutricion\/wp-content\/uploads\/sites\/8\/2021\/07\/sabycamacho-70x70.jpg 70w, https:\/\/academia.uaa.mx\/seminariodenutricion\/wp-content\/uploads\/sites\/8\/2021\/07\/sabycamacho-125x125.jpg 125w, https:\/\/academia.uaa.mx\/seminariodenutricion\/wp-content\/uploads\/sites\/8\/2021\/07\/sabycamacho-60x60.jpg 60w\" sizes=\"auto, (max-width: 200px) 100vw, 200px\" \/><\/a>\n\t\t\t<\/div><\/figure>\n\t\t<\/div>\n<\/div><\/div><div id=\"pgc-149-0-1\"  class=\"panel-grid-cell\" ><div id=\"panel-149-0-1-0\" class=\"so-panel widget widget_sow-editor panel-first-child panel-last-child widgetopts-SO\" data-index=\"1\" ><div\n\t\t\t\n\t\t\tclass=\"so-widget-sow-editor so-widget-sow-editor-base\"\n\t\t\t\n\t\t><h3 class=\"widget-title\">Semblanza<\/h3>\n<div class=\"siteorigin-widget-tinymce textwidget\">\n\t<p>Licenciada en Nutrici\u00f3n , Maestra en Ciencias de la Salud y Doctora en Educaci\u00f3n.<\/p>\n<p>Fundadora. Nutrir M\u00e9xico. Consultor\u00eda Profesional en Educaci\u00f3n en Nutrici\u00f3n.<\/p>\n<p>Responsable del Grupo de Revisi\u00f3n de Educaci\u00f3n y Competencias Profesionales en Nutriolog\u00eda y miembro del Comit\u00e9 Editorial Revista RedCieN<\/p>\n<p>Editora Asociada de la Revista Espa\u00f1ola de Nutrici\u00f3n Humana y Diet\u00e9tica.<\/p>\n<p>Integrante del Comit\u00e9 Internacional para la Elaboraci\u00f3n de Consensos y Estandarizaci\u00f3n en Nutriolog\u00eda (CIENUT). Cap\u00edtulo M\u00e9xico.<\/p>\n<p>Expresidente de la Asociaci\u00f3n Mexicana de Nutriolog\u00eda.<\/p>\n<p>Miembro de la Asociaci\u00f3n Mexicana de Nutriolog\u00eda, de la Academy of Nutrition and Dietetics, del Colegio Mexicano de Nutri\u00f3logos y de la Asociaci\u00f3n en Salud Digital.<\/p>\n<p>Creadora de contenido, conferencista e investigadora en las \u00e1reas de estigmatizaci\u00f3n del peso, alfabetizaci\u00f3n alimentaria, comunicaci\u00f3n y emprendimiento y aplicaci\u00f3n de tecnolog\u00eda en nutrici\u00f3n y alimentaci\u00f3n<\/p>\n<p><em>Participa en este 12o Seminario con la conferencia: \"Herramientas digitales para el Nutri\u00f3logo en la pandemia\"<\/em><\/p>\n<p><span style=\"text-decoration: underline\">Mi\u00e9rcoles 8 de septiembre, 16:30 hrs.<\/span><\/p>\n<\/div>\n<\/div><\/div><\/div><\/div><div id=\"pg-149-1\"  class=\"panel-grid panel-no-style\" ><div id=\"pgc-149-1-0\"  class=\"panel-grid-cell\" ><div id=\"panel-149-1-0-0\" class=\"so-panel widget widget_media_gallery panel-first-child panel-last-child widgetopts-SO\" data-index=\"2\" ><h3 class=\"widget-title\">Dra. Mar\u00eda Eugenia Perea Vel\u00e1zquez<\/h3><div id='gallery-2' class='gallery galleryid-149 gallery-columns-3 gallery-size-thumbnail'><figure class='gallery-item'>\n\t\t\t<div class='gallery-icon landscape'>\n\t\t\t\t<a href='https:\/\/academia.uaa.mx\/seminariodenutricion\/ponentes\/eugeniaperea\/'><img loading=\"lazy\" decoding=\"async\" width=\"150\" height=\"150\" src=\"https:\/\/academia.uaa.mx\/seminariodenutricion\/wp-content\/uploads\/sites\/8\/2021\/07\/eugeniaperea-150x150.jpg\" class=\"attachment-thumbnail size-thumbnail\" alt=\"\" srcset=\"https:\/\/academia.uaa.mx\/seminariodenutricion\/wp-content\/uploads\/sites\/8\/2021\/07\/eugeniaperea-150x150.jpg 150w, https:\/\/academia.uaa.mx\/seminariodenutricion\/wp-content\/uploads\/sites\/8\/2021\/07\/eugeniaperea-70x70.jpg 70w, https:\/\/academia.uaa.mx\/seminariodenutricion\/wp-content\/uploads\/sites\/8\/2021\/07\/eugeniaperea-246x246.jpg 246w, https:\/\/academia.uaa.mx\/seminariodenutricion\/wp-content\/uploads\/sites\/8\/2021\/07\/eugeniaperea-276x276.jpg 276w, https:\/\/academia.uaa.mx\/seminariodenutricion\/wp-content\/uploads\/sites\/8\/2021\/07\/eugeniaperea-125x125.jpg 125w, https:\/\/academia.uaa.mx\/seminariodenutricion\/wp-content\/uploads\/sites\/8\/2021\/07\/eugeniaperea-340x340.jpg 340w, https:\/\/academia.uaa.mx\/seminariodenutricion\/wp-content\/uploads\/sites\/8\/2021\/07\/eugeniaperea-60x60.jpg 60w\" sizes=\"auto, (max-width: 150px) 100vw, 150px\" \/><\/a>\n\t\t\t<\/div><\/figure>\n\t\t<\/div>\n<\/div><\/div><div id=\"pgc-149-1-1\"  class=\"panel-grid-cell\" ><div id=\"panel-149-1-1-0\" class=\"so-panel widget widget_sow-editor panel-first-child panel-last-child widgetopts-SO\" data-index=\"3\" ><div\n\t\t\t\n\t\t\tclass=\"so-widget-sow-editor so-widget-sow-editor-base\"\n\t\t\t\n\t\t><h3 class=\"widget-title\">Semblanza<\/h3>\n<div class=\"siteorigin-widget-tinymce textwidget\">\n\t<p>Licenciada en Trabajo Social por la Escuela Nacional de Trabajo Social de la UNAM.<\/p>\n<p>Maestra en Poblaci\u00f3n por la UAA.<\/p>\n<p>Doctora en Ciencias Sociales y Humanidades por la UAA.<\/p>\n<p>Profesora-Investigadora de Tiempo Completo en la UAA y candidata al Sistema Nacional de Investigadores, CONACYT.<\/p>\n<p>Amplia participaci\u00f3n en publicaciones e investigaciones nacionales<\/p>\n<p>Participantes en dise\u00f1o de pol\u00edticas p\u00fablicas; en comit\u00e9s tutorales de tesis de maestr\u00eda y doctorado; en proyectos sociales y ambientales<\/p>\n<p><em>En este 12o Seminario participa con el tema \"El Covid-19 y sus implicaciones econ\u00f3micas, sociales y culturales en las familias con situaci\u00f3n de precariedad de la ciudad de Aguascalientes\"&nbsp;<\/em><\/p>\n<p><span style=\"text-decoration: underline\">Mi\u00e9rcoles 8 de septiembre, 17:20 hrs.<\/span><\/p>\n<\/div>\n<\/div><\/div><\/div><\/div><div id=\"pg-149-2\"  class=\"panel-grid panel-no-style\" ><div id=\"pgc-149-2-0\"  class=\"panel-grid-cell\" ><div id=\"panel-149-2-0-0\" class=\"so-panel widget widget_media_gallery panel-first-child panel-last-child widgetopts-SO\" data-index=\"4\" ><h3 class=\"widget-title\">LN Mariajose Ruiz Ruvalcaba<\/h3><div id='gallery-3' class='gallery galleryid-149 gallery-columns-3 gallery-size-thumbnail'><figure class='gallery-item'>\n\t\t\t<div class='gallery-icon landscape'>\n\t\t\t\t<a href='https:\/\/academia.uaa.mx\/seminariodenutricion\/ponentes\/ruizruvalcaba\/'><img loading=\"lazy\" decoding=\"async\" width=\"150\" height=\"150\" src=\"https:\/\/academia.uaa.mx\/seminariodenutricion\/wp-content\/uploads\/sites\/8\/2021\/08\/RuizRuvalcaba-150x150.jpeg\" class=\"attachment-thumbnail size-thumbnail\" alt=\"\" srcset=\"https:\/\/academia.uaa.mx\/seminariodenutricion\/wp-content\/uploads\/sites\/8\/2021\/08\/RuizRuvalcaba-150x150.jpeg 150w, https:\/\/academia.uaa.mx\/seminariodenutricion\/wp-content\/uploads\/sites\/8\/2021\/08\/RuizRuvalcaba-70x70.jpeg 70w, https:\/\/academia.uaa.mx\/seminariodenutricion\/wp-content\/uploads\/sites\/8\/2021\/08\/RuizRuvalcaba-246x246.jpeg 246w, https:\/\/academia.uaa.mx\/seminariodenutricion\/wp-content\/uploads\/sites\/8\/2021\/08\/RuizRuvalcaba-276x276.jpeg 276w, https:\/\/academia.uaa.mx\/seminariodenutricion\/wp-content\/uploads\/sites\/8\/2021\/08\/RuizRuvalcaba-125x125.jpeg 125w, https:\/\/academia.uaa.mx\/seminariodenutricion\/wp-content\/uploads\/sites\/8\/2021\/08\/RuizRuvalcaba-340x340.jpeg 340w, https:\/\/academia.uaa.mx\/seminariodenutricion\/wp-content\/uploads\/sites\/8\/2021\/08\/RuizRuvalcaba-60x60.jpeg 60w\" sizes=\"auto, (max-width: 150px) 100vw, 150px\" \/><\/a>\n\t\t\t<\/div><\/figure>\n\t\t<\/div>\n<\/div><\/div><div id=\"pgc-149-2-1\"  class=\"panel-grid-cell\" ><div id=\"panel-149-2-1-0\" class=\"so-panel widget widget_sow-editor panel-first-child panel-last-child widgetopts-SO\" data-index=\"5\" ><div\n\t\t\t\n\t\t\tclass=\"so-widget-sow-editor so-widget-sow-editor-base\"\n\t\t\t\n\t\t><h3 class=\"widget-title\">Semblanza<\/h3>\n<div class=\"siteorigin-widget-tinymce textwidget\">\n\t<p>Licenciada en Nutrici\u00f3n egresada de la Universidad Aut\u00f3noma de Aguascalientes.<\/p>\n<p>Nutricionista Dietista en el Instituto Mexicano del Seguro Social.&nbsp;<\/p>\n<p>Docente de Pr\u00e1cticas Profesionales de la materia SERVICIOS DE ALIMENTOS HOSPITALARIOS dentro del IMSS a alumnos de la Universidad Aut\u00f3noma de Aguascalientes.<\/p>\n<p>Jefe de Oficina, Diet\u00e9tica y ense\u00f1anza del Hospital General de Zona No. 1, De diciembre 2019 a Abril 2020.<\/p>\n<p>Jefe de Nutrici\u00f3n y Diet\u00e9tica UMHA 80 del Hospital General de Zona No.1 De Abril 2020 a la fecha.<\/p>\n<p><em>Participa en este 12o seminario con la ponencia \"Los servicios de alimentos en los hospitales despu\u00e9s de Covid.<\/em><\/p>\n<p><span style=\"text-decoration: underline\">Mi\u00e9rcoles 8 de septiembre, 18:10 hrs.<\/span><\/p>\n<\/div>\n<\/div><\/div><\/div><\/div><div id=\"pg-149-3\"  class=\"panel-grid panel-no-style\" ><div id=\"pgc-149-3-0\"  class=\"panel-grid-cell\" ><div id=\"panel-149-3-0-0\" class=\"so-panel widget widget_media_gallery panel-first-child panel-last-child widgetopts-SO\" data-index=\"6\" ><h3 class=\"widget-title\">M en C. Adriana Quintero Rodr\u00edguez<\/h3><div id='gallery-4' class='gallery galleryid-149 gallery-columns-3 gallery-size-thumbnail'><figure class='gallery-item'>\n\t\t\t<div class='gallery-icon landscape'>\n\t\t\t\t<a href='https:\/\/academia.uaa.mx\/seminariodenutricion\/ponentes\/adrianaquintero\/'><img loading=\"lazy\" decoding=\"async\" width=\"150\" height=\"150\" src=\"https:\/\/academia.uaa.mx\/seminariodenutricion\/wp-content\/uploads\/sites\/8\/2021\/07\/AdrianaQuintero-150x150.png\" class=\"attachment-thumbnail size-thumbnail\" alt=\"\" srcset=\"https:\/\/academia.uaa.mx\/seminariodenutricion\/wp-content\/uploads\/sites\/8\/2021\/07\/AdrianaQuintero-150x150.png 150w, https:\/\/academia.uaa.mx\/seminariodenutricion\/wp-content\/uploads\/sites\/8\/2021\/07\/AdrianaQuintero-70x70.png 70w, https:\/\/academia.uaa.mx\/seminariodenutricion\/wp-content\/uploads\/sites\/8\/2021\/07\/AdrianaQuintero-246x246.png 246w, https:\/\/academia.uaa.mx\/seminariodenutricion\/wp-content\/uploads\/sites\/8\/2021\/07\/AdrianaQuintero-125x125.png 125w, https:\/\/academia.uaa.mx\/seminariodenutricion\/wp-content\/uploads\/sites\/8\/2021\/07\/AdrianaQuintero-60x60.png 60w\" sizes=\"auto, (max-width: 150px) 100vw, 150px\" \/><\/a>\n\t\t\t<\/div><\/figure>\n\t\t<\/div>\n<\/div><\/div><div id=\"pgc-149-3-1\"  class=\"panel-grid-cell\" ><div id=\"panel-149-3-1-0\" class=\"so-panel widget widget_sow-editor panel-first-child panel-last-child widgetopts-SO\" data-index=\"7\" ><div\n\t\t\t\n\t\t\tclass=\"so-widget-sow-editor so-widget-sow-editor-base\"\n\t\t\t\n\t\t><h3 class=\"widget-title\">Semblanza<\/h3>\n<div class=\"siteorigin-widget-tinymce textwidget\">\n\t<p>Licenciada en Nutrici\u00f3n y Ciencia de los Alimentos por la Universidad Iberoamericana.<\/p>\n<p>Maestr\u00eda en Biolog\u00eda Cl\u00ednica de la Escuela Nacional de Ciencias Biol\u00f3gicas.<\/p>\n<p>Especialista en sanidad e inocuidad alimentaria.<\/p>\n<p>Es especialista en inocuidad alimentaria y asesora para la industria con m\u00e1s de 25 a\u00f1os de experiencia en la producci\u00f3n o desarrollo de nuevos productos alimenticios con est\u00e1ndares de calidad e inocuidad internacionales y la evaluaci\u00f3n del cumplimiento regulatorio con \u00e9nfasis en inocuidad y etiquetado.<\/p>\n<p>Ha participado en el etiquetado de m\u00e1s de 4000 productos. Desde 1998 es Director General T\u00e9cnico de Laboratorio Grupo Qu\u00edmico empresa dedicada al an\u00e1lisis, asesor\u00eda y prevenci\u00f3n de riesgos microbiol\u00f3gicos.<\/p>\n<p>Ha impartido m\u00e1s de 300 conferencias, cursos y talleres en diferentes foros, tratando temas como etiquetado inocuidad, buenas pr\u00e1cticas de fabricaci\u00f3n, an\u00e1lisis de riesgos, normativa para la industria alimentaria, HACCP, reformulaci\u00f3n entre otros.<\/p>\n<p><em>Impartir\u00e1 la conferencia&nbsp;\"Impacto del nuevo etiquetado nutrimental\"&nbsp;en este 12o. Seminario<\/em><\/p>\n<p><span style=\"text-decoration: underline\">Mi\u00e9rcoles 8 de septiembre, 19:00 hrs.<\/span><\/p>\n<\/div>\n<\/div><\/div><\/div><\/div><div id=\"pg-149-4\"  class=\"panel-grid panel-no-style\" ><div id=\"pgc-149-4-0\"  class=\"panel-grid-cell\" ><div id=\"panel-149-4-0-0\" class=\"so-panel widget widget_sow-editor panel-first-child panel-last-child widgetopts-SO\" data-index=\"8\" ><div\n\t\t\t\n\t\t\tclass=\"so-widget-sow-editor so-widget-sow-editor-base\"\n\t\t\t\n\t\t><h3 class=\"widget-title\">Semblanza<\/h3>\n<div class=\"siteorigin-widget-tinymce textwidget\">\n\t<p>Licenciada en Nutrici\u00f3n egresada de la Universidad Aut\u00f3noma de Aguascalientes.<\/p>\n<p>Subjefe de \u00e1rea del departamento de Difusi\u00f3n Yakult S.A. de C.V. Sucursal Aguascalientes.<\/p>\n<p>Divulgaci\u00f3n y difusi\u00f3n de informaci\u00f3n cient\u00edfica en materia de probi\u00f3ticos y microbiota intestinal, pl\u00e1ticas orientadas en temas de salud y nutrici\u00f3n para poblaci\u00f3n en general, empresas, as\u00ed como especialistas m\u00e9dicos y profesionales.<\/p>\n<p><em>Contamos con su participaci\u00f3n en este 12o Seminario con el tema, \"Sistema inmune y probi\u00f3ticos\"<\/em><\/p>\n<p><span style=\"text-decoration: underline\">Jueves 9 de septiembre, 16:00 hrs.<\/span><\/p>\n<\/div>\n<\/div><\/div><\/div><div id=\"pgc-149-4-1\"  class=\"panel-grid-cell\" ><div id=\"panel-149-4-1-0\" class=\"so-panel widget widget_media_gallery panel-first-child panel-last-child widgetopts-SO\" data-index=\"9\" ><h3 class=\"widget-title\">LN. Brenda Berenice Valenciano Mart\u00ednez<\/h3><div id='gallery-5' class='gallery galleryid-149 gallery-columns-3 gallery-size-thumbnail'><figure class='gallery-item'>\n\t\t\t<div class='gallery-icon portrait'>\n\t\t\t\t<a href='https:\/\/academia.uaa.mx\/seminariodenutricion\/ponentes\/brendavalenciano\/'><img loading=\"lazy\" decoding=\"async\" width=\"150\" height=\"150\" src=\"https:\/\/academia.uaa.mx\/seminariodenutricion\/wp-content\/uploads\/sites\/8\/2021\/07\/BrendaValenciano-150x150.png\" class=\"attachment-thumbnail size-thumbnail\" alt=\"\" srcset=\"https:\/\/academia.uaa.mx\/seminariodenutricion\/wp-content\/uploads\/sites\/8\/2021\/07\/BrendaValenciano-150x150.png 150w, https:\/\/academia.uaa.mx\/seminariodenutricion\/wp-content\/uploads\/sites\/8\/2021\/07\/BrendaValenciano-70x70.png 70w, https:\/\/academia.uaa.mx\/seminariodenutricion\/wp-content\/uploads\/sites\/8\/2021\/07\/BrendaValenciano-125x125.png 125w, https:\/\/academia.uaa.mx\/seminariodenutricion\/wp-content\/uploads\/sites\/8\/2021\/07\/BrendaValenciano-60x60.png 60w\" sizes=\"auto, (max-width: 150px) 100vw, 150px\" \/><\/a>\n\t\t\t<\/div><\/figure>\n\t\t<\/div>\n<\/div><\/div><\/div><div id=\"pg-149-5\"  class=\"panel-grid panel-no-style\" ><div id=\"pgc-149-5-0\"  class=\"panel-grid-cell\" ><div id=\"panel-149-5-0-0\" class=\"so-panel widget widget_sow-editor panel-first-child panel-last-child widgetopts-SO\" data-index=\"10\" ><div\n\t\t\t\n\t\t\tclass=\"so-widget-sow-editor so-widget-sow-editor-base\"\n\t\t\t\n\t\t><h3 class=\"widget-title\">Semblanza<\/h3>\n<div class=\"siteorigin-widget-tinymce textwidget\">\n\t<p>Ing. Bioqu\u00edmico, es Master en Estrategias para Sistemas de Calidad por la Universidad Aut\u00f3noma de Aguascalientes (U.A.A.).<\/p>\n<p>Obtuvo dos Especialidades: en Adm\u00f3n. de la Funci\u00f3n Empresarial y en Calidad y Competitividad.&nbsp;<\/p>\n<p>Se ha capacitado en Sistemas de Gesti\u00f3n de Calidad, Gesti\u00f3n Ambiental, Gesti\u00f3n de la Seguridad Alimentaria, adem\u00e1s de diversas Normas Oficiales Mexicanas, Calidad Total y H.A.C.C.P. (An\u00e1lisis de Peligros y Puntos Cr\u00edticos de Control).<\/p>\n<p>Se dedica principalmente a consultor\u00eda, capacitaci\u00f3n y auditoria en Sistemas de Gesti\u00f3n de Calidad e Inocuidad Agroalimentaria. Est\u00e1 certificada como Consultor y como Instructor bajo las Normas T\u00e9cnicas de Competencia Laboral CONOCER. Asimismo, es miembro de la Red de Consultores M\u00e9xico Calidad Suprema.<\/p>\n<p>Cuenta con m\u00e1s de 30 a\u00f1os de experiencia docente como Profesor Investigador de la Universidad Aut\u00f3noma de Aguascalientes.<\/p>\n<p><em>Nos acompa\u00f1a en este 12o Seminario con el tema&nbsp;\"Inocuidad Alimentaria\"&nbsp;<\/em><\/p>\n<p><span style=\"text-decoration: underline\">Jueves 9 de septiembre, 16:50 hrs<\/span><\/p>\n<p>&nbsp;<\/p>\n<\/div>\n<\/div><\/div><\/div><div id=\"pgc-149-5-1\"  class=\"panel-grid-cell\" ><div id=\"panel-149-5-1-0\" class=\"so-panel widget widget_media_gallery panel-first-child panel-last-child widgetopts-SO\" data-index=\"11\" ><h3 class=\"widget-title\">MESC. Alma Graciela L\u00f3pez Enr\u00edquez<\/h3><div id='gallery-6' class='gallery galleryid-149 gallery-columns-3 gallery-size-thumbnail'><figure class='gallery-item'>\n\t\t\t<div class='gallery-icon portrait'>\n\t\t\t\t<a href='https:\/\/academia.uaa.mx\/seminariodenutricion\/ponentes\/almagraciela\/'><img loading=\"lazy\" decoding=\"async\" width=\"150\" height=\"150\" src=\"https:\/\/academia.uaa.mx\/seminariodenutricion\/wp-content\/uploads\/sites\/8\/2021\/07\/AlmaGraciela-150x150.png\" class=\"attachment-thumbnail size-thumbnail\" alt=\"\" srcset=\"https:\/\/academia.uaa.mx\/seminariodenutricion\/wp-content\/uploads\/sites\/8\/2021\/07\/AlmaGraciela-150x150.png 150w, https:\/\/academia.uaa.mx\/seminariodenutricion\/wp-content\/uploads\/sites\/8\/2021\/07\/AlmaGraciela-70x70.png 70w, https:\/\/academia.uaa.mx\/seminariodenutricion\/wp-content\/uploads\/sites\/8\/2021\/07\/AlmaGraciela-246x246.png 246w, https:\/\/academia.uaa.mx\/seminariodenutricion\/wp-content\/uploads\/sites\/8\/2021\/07\/AlmaGraciela-276x276.png 276w, https:\/\/academia.uaa.mx\/seminariodenutricion\/wp-content\/uploads\/sites\/8\/2021\/07\/AlmaGraciela-125x125.png 125w, https:\/\/academia.uaa.mx\/seminariodenutricion\/wp-content\/uploads\/sites\/8\/2021\/07\/AlmaGraciela-340x340.png 340w, https:\/\/academia.uaa.mx\/seminariodenutricion\/wp-content\/uploads\/sites\/8\/2021\/07\/AlmaGraciela-60x60.png 60w\" sizes=\"auto, (max-width: 150px) 100vw, 150px\" \/><\/a>\n\t\t\t<\/div><\/figure>\n\t\t<\/div>\n<\/div><\/div><\/div><div id=\"pg-149-6\"  class=\"panel-grid panel-no-style\" ><div id=\"pgc-149-6-0\"  class=\"panel-grid-cell\" ><div id=\"panel-149-6-0-0\" class=\"so-panel widget widget_sow-editor panel-first-child panel-last-child widgetopts-SO\" data-index=\"12\" ><div\n\t\t\t\n\t\t\tclass=\"so-widget-sow-editor so-widget-sow-editor-base\"\n\t\t\t\n\t\t><h3 class=\"widget-title\">Semblanza<\/h3>\n<div class=\"siteorigin-widget-tinymce textwidget\">\n\t<p>Es estudiante del 7mo Semestre de la Licenciatura en Nutrici\u00f3n de la Universidad Aut\u00f3noma de Aguascalientes.<\/p>\n<p><em>Presenta el tema \"Cambios en el estilo de vida y efectos en la salud en personas mayores de 18 a\u00f1os durante la pandemia de Covid-19\".<\/em><\/p>\n<p>Que es resultado de las materias de Seminario de Investigaci\u00f3n y Nutrici\u00f3n Poblacional<\/p>\n<p><span style=\"text-decoration: underline\">Jueves 9 de septiembre, 17:40 hrs<\/span><\/p>\n<p>&nbsp;<\/p>\n<\/div>\n<\/div><\/div><\/div><div id=\"pgc-149-6-1\"  class=\"panel-grid-cell\" ><div id=\"panel-149-6-1-0\" class=\"so-panel widget widget_media_gallery panel-first-child panel-last-child widgetopts-SO\" data-index=\"13\" ><h3 class=\"widget-title\">EN. Mariana Montoya Pacheco<\/h3><div id='gallery-7' class='gallery galleryid-149 gallery-columns-3 gallery-size-thumbnail'><figure class='gallery-item'>\n\t\t\t<div class='gallery-icon portrait'>\n\t\t\t\t<a href='https:\/\/academia.uaa.mx\/seminariodenutricion\/ponentes\/marianamontoya\/'><img loading=\"lazy\" decoding=\"async\" width=\"150\" height=\"150\" src=\"https:\/\/academia.uaa.mx\/seminariodenutricion\/wp-content\/uploads\/sites\/8\/2021\/08\/marianamontoya-150x150.jpeg\" class=\"attachment-thumbnail size-thumbnail\" alt=\"\" srcset=\"https:\/\/academia.uaa.mx\/seminariodenutricion\/wp-content\/uploads\/sites\/8\/2021\/08\/marianamontoya-150x150.jpeg 150w, https:\/\/academia.uaa.mx\/seminariodenutricion\/wp-content\/uploads\/sites\/8\/2021\/08\/marianamontoya-70x70.jpeg 70w, https:\/\/academia.uaa.mx\/seminariodenutricion\/wp-content\/uploads\/sites\/8\/2021\/08\/marianamontoya-125x125.jpeg 125w, https:\/\/academia.uaa.mx\/seminariodenutricion\/wp-content\/uploads\/sites\/8\/2021\/08\/marianamontoya-60x60.jpeg 60w\" sizes=\"auto, (max-width: 150px) 100vw, 150px\" \/><\/a>\n\t\t\t<\/div><\/figure>\n\t\t<\/div>\n<\/div><\/div><\/div><div id=\"pg-149-7\"  class=\"panel-grid panel-no-style\" ><div id=\"pgc-149-7-0\"  class=\"panel-grid-cell\" ><div id=\"panel-149-7-0-0\" class=\"so-panel widget widget_sow-editor panel-first-child panel-last-child widgetopts-SO\" data-index=\"14\" ><div\n\t\t\t\n\t\t\tclass=\"so-widget-sow-editor so-widget-sow-editor-base\"\n\t\t\t\n\t\t><h3 class=\"widget-title\">Semblanza<\/h3>\n<div class=\"siteorigin-widget-tinymce textwidget\">\n\t<p>&nbsp;Licenciatura en Biolog\u00eda, Universidad Aut\u00f3noma Metropolitana Unidad Xochimilco (UAM-X), Ciudad de M\u00e9xico, M\u00e9xico.&nbsp;<\/p>\n<p>Doctorado en Ciencias Biom\u00e9dicas, Universidad Nacional Aut\u00f3noma de M\u00e9xico (UNAM), Ciudad de M\u00e9xico, M\u00e9xico.&nbsp;<\/p>\n<p>Investigador en Ciencias M\u00e9dicas \u201cC\u201d en el Departamento de Fisiolog\u00eda de la Nutrici\u00f3n del Instituto Nacional de Ciencias M\u00e9dicas y Nutrici\u00f3n Salvador Zubir\u00e1n (INCMNSZ). 2006<\/p>\n<p>Miembro del Sistema Nacional de Investigadores SNI1.<\/p>\n<p>Autor de varias publicaciones nacionales e internacionales en revistas arbitradas.<\/p>\n<p>Experiencia docente a nivel nacional e internacional.<\/p>\n<p>Merecedor de varios premios nacionales.<\/p>\n<p><em>Con motivo del 12o Seminario, nos acompa\u00f1a con la conferencia \"Microbiota y el eje intestino-cerebro como modulador del estado de \u00e1nimo y el desarrollo de enfermedades neurodegenerativas\".<\/em><\/p>\n<p><span style=\"text-decoration: underline\">Jueves 9 de septiembre, 18:30 hrs.<\/span><\/p>\n<\/div>\n<\/div><\/div><\/div><div id=\"pgc-149-7-1\"  class=\"panel-grid-cell\" ><div id=\"panel-149-7-1-0\" class=\"so-panel widget widget_media_gallery panel-first-child panel-last-child widgetopts-SO\" data-index=\"15\" ><h3 class=\"widget-title\">Dr. Iv\u00e1n Torre Villalvazo<\/h3><div id='gallery-8' class='gallery galleryid-149 gallery-columns-3 gallery-size-thumbnail'><figure class='gallery-item'>\n\t\t\t<div class='gallery-icon landscape'>\n\t\t\t\t<a href='https:\/\/academia.uaa.mx\/seminariodenutricion\/ponentes\/ivantorre\/'><img loading=\"lazy\" decoding=\"async\" width=\"150\" height=\"150\" src=\"https:\/\/academia.uaa.mx\/seminariodenutricion\/wp-content\/uploads\/sites\/8\/2021\/07\/ivantorre-150x150.png\" class=\"attachment-thumbnail size-thumbnail\" alt=\"\" srcset=\"https:\/\/academia.uaa.mx\/seminariodenutricion\/wp-content\/uploads\/sites\/8\/2021\/07\/ivantorre-150x150.png 150w, https:\/\/academia.uaa.mx\/seminariodenutricion\/wp-content\/uploads\/sites\/8\/2021\/07\/ivantorre-70x70.png 70w, https:\/\/academia.uaa.mx\/seminariodenutricion\/wp-content\/uploads\/sites\/8\/2021\/07\/ivantorre-246x246.png 246w, https:\/\/academia.uaa.mx\/seminariodenutricion\/wp-content\/uploads\/sites\/8\/2021\/07\/ivantorre-276x276.png 276w, https:\/\/academia.uaa.mx\/seminariodenutricion\/wp-content\/uploads\/sites\/8\/2021\/07\/ivantorre-125x125.png 125w, https:\/\/academia.uaa.mx\/seminariodenutricion\/wp-content\/uploads\/sites\/8\/2021\/07\/ivantorre-340x340.png 340w, https:\/\/academia.uaa.mx\/seminariodenutricion\/wp-content\/uploads\/sites\/8\/2021\/07\/ivantorre-60x60.png 60w\" sizes=\"auto, (max-width: 150px) 100vw, 150px\" \/><\/a>\n\t\t\t<\/div><\/figure>\n\t\t<\/div>\n<\/div><\/div><\/div><\/div>","protected":false},"excerpt":{"rendered":"<p>Licenciada en Nutrici\u00f3n , Maestra en Ciencias de la Salud y Doctora en Educaci\u00f3n. Fundadora. Nutrir M\u00e9xico. Consultor\u00eda Profesional en &hellip; <\/p>\n","protected":false},"author":1,"featured_media":0,"parent":0,"menu_order":0,"comment_status":"closed","ping_status":"closed","template":"","meta":{"_acf_changed":false,"ngg_post_thumbnail":0,"footnotes":""},"class_list":["post-149","page","type-page","status-publish","hentry"],"acf":[],"_links":{"self":[{"href":"https:\/\/academia.uaa.mx\/seminariodenutricion\/wp-json\/wp\/v2\/pages\/149","targetHints":{"allow":["GET"]}}],"collection":[{"href":"https:\/\/academia.uaa.mx\/seminariodenutricion\/wp-json\/wp\/v2\/pages"}],"about":[{"href":"https:\/\/academia.uaa.mx\/seminariodenutricion\/wp-json\/wp\/v2\/types\/page"}],"author":[{"embeddable":true,"href":"https:\/\/academia.uaa.mx\/seminariodenutricion\/wp-json\/wp\/v2\/users\/1"}],"replies":[{"embeddable":true,"href":"https:\/\/academia.uaa.mx\/seminariodenutricion\/wp-json\/wp\/v2\/comments?post=149"}],"version-history":[{"count":21,"href":"https:\/\/academia.uaa.mx\/seminariodenutricion\/wp-json\/wp\/v2\/pages\/149\/revisions"}],"predecessor-version":[{"id":183,"href":"https:\/\/academia.uaa.mx\/seminariodenutricion\/wp-json\/wp\/v2\/pages\/149\/revisions\/183"}],"wp:attachment":[{"href":"https:\/\/academia.uaa.mx\/seminariodenutricion\/wp-json\/wp\/v2\/media?parent=149"}],"curies":[{"name":"wp","href":"https:\/\/api.w.org\/{rel}","templated":true}]}}