{"id":39,"date":"2021-06-11T00:25:21","date_gmt":"2021-06-11T00:25:21","guid":{"rendered":"https:\/\/academia.uaa.mx\/seminariodenutricion\/?page_id=39"},"modified":"2021-09-07T13:11:46","modified_gmt":"2021-09-07T18:11:46","slug":"inicio","status":"publish","type":"page","link":"https:\/\/academia.uaa.mx\/seminariodenutricion\/","title":{"rendered":"Inicio"},"content":{"rendered":"<p style=\"text-align: center\"><span style=\"font-size: 24pt;font-family: verdana, geneva, sans-serif;color: #008000\">AGRADECEMOS A TODOS SU PARTICIPACI\u00d3N, EL REGISTRO DE PARTICIPANTES HA CERRADO.&nbsp;<\/span><img loading=\"lazy\" decoding=\"async\" class=\"size-medium wp-image-117 aligncenter\" src=\"http:\/\/academia.uaa.mx\/seminariodenutricion\/wp-content\/uploads\/sites\/8\/2021\/07\/LogoSeminario-247x300.jpeg\" alt=\"\" width=\"247\" height=\"300\" srcset=\"https:\/\/academia.uaa.mx\/seminariodenutricion\/wp-content\/uploads\/sites\/8\/2021\/07\/LogoSeminario-247x300.jpeg 247w, https:\/\/academia.uaa.mx\/seminariodenutricion\/wp-content\/uploads\/sites\/8\/2021\/07\/LogoSeminario.jpeg 610w\" sizes=\"auto, (max-width: 247px) 100vw, 247px\" \/><\/p>\n<h1 style=\"text-align: center\"><em><strong>12 Seminario de Actualizaci\u00f3n en Nutrici\u00f3n y Alimentaci\u00f3n<\/strong><\/em><\/h1>\n<p style=\"text-align: center\"><span style=\"font-size: 24pt\"><em><span style=\"font-family: verdana, geneva, sans-serif\">Nutrici\u00f3n y Covid<\/span><\/em><\/span><\/p>\n<p>&nbsp;<\/p>\n<p style=\"text-align: center\"><span style=\"font-size: 24pt;font-family: verdana, geneva, sans-serif;color: #008000\">AGRADECEMOS A TODOS SU PARTICIPACI\u00d3N, EL REGISTRO DE PARTICIPANTES HA CERRADO.&nbsp;<\/span><\/p>\n<p style=\"text-align: center\"><span style=\"font-size: 18pt\"><strong>Bienvenidos a la p\u00e1gina oficial del XII Seminario de Actualizaci\u00f3n en Nutrici\u00f3n y Alimentaci\u00f3n de la Licenciatura en Nutrici\u00f3n de la Universidad Aut\u00f3noma de Aguascalientes.<\/strong><\/span><\/p>\n<p>&nbsp;<\/p>\n<div class=\"clearfix\">\n<p class=\"author-category\"><strong>Organiza:&nbsp;<\/strong> Universidad Aut\u00f3noma de Aguascalientes, Centro de Ciencias de la Salud, Departamento de Nutrici\u00f3n<\/p>\n<p class=\"date-comments\"><i class=\"fa fa-calendar-o\"><\/i><strong>Fecha:<\/strong> 8 y 9 septiembre<span id=\"phContenido_phContenido_uxListaEventos_uxFecha_0\">, 2021<\/span><\/p>\n<\/div>\n<p><span id=\"phContenido_phContenido_uxListaEventos_uxTexto_0\">Este a\u00f1o, debido a la pandemia del COVID-19 y debido a que no se tienen las condiciones necesarias para congresos presenciales, hemos optado por organizar nuestro XII Seminario en formato virtual.<\/span><\/p>\n<p><img loading=\"lazy\" decoding=\"async\" class=\" wp-image-131 aligncenter\" src=\"http:\/\/academia.uaa.mx\/seminariodenutricion\/wp-content\/uploads\/sites\/8\/2021\/07\/FB-300x111.jpg\" alt=\"\" width=\"470\" height=\"174\" srcset=\"https:\/\/academia.uaa.mx\/seminariodenutricion\/wp-content\/uploads\/sites\/8\/2021\/07\/FB-300x111.jpg 300w, https:\/\/academia.uaa.mx\/seminariodenutricion\/wp-content\/uploads\/sites\/8\/2021\/07\/FB-1024x380.jpg 1024w, https:\/\/academia.uaa.mx\/seminariodenutricion\/wp-content\/uploads\/sites\/8\/2021\/07\/FB-768x285.jpg 768w, https:\/\/academia.uaa.mx\/seminariodenutricion\/wp-content\/uploads\/sites\/8\/2021\/07\/FB-1536x570.jpg 1536w, https:\/\/academia.uaa.mx\/seminariodenutricion\/wp-content\/uploads\/sites\/8\/2021\/07\/FB.jpg 1771w\" sizes=\"auto, (max-width: 470px) 100vw, 470px\" \/><\/p>\n<p>&nbsp;<\/p>\n","protected":false},"excerpt":{"rendered":"<p>AGRADECEMOS A TODOS SU PARTICIPACI\u00d3N, EL REGISTRO DE PARTICIPANTES HA CERRADO.&nbsp; 12 Seminario de Actualizaci\u00f3n en Nutrici\u00f3n y Alimentaci\u00f3n Nutrici\u00f3n &hellip; <\/p>\n","protected":false},"author":1,"featured_media":0,"parent":0,"menu_order":0,"comment_status":"closed","ping_status":"closed","template":"","meta":{"_acf_changed":false,"ngg_post_thumbnail":0,"footnotes":""},"class_list":["post-39","page","type-page","status-publish","hentry"],"acf":[],"_links":{"self":[{"href":"https:\/\/academia.uaa.mx\/seminariodenutricion\/wp-json\/wp\/v2\/pages\/39","targetHints":{"allow":["GET"]}}],"collection":[{"href":"https:\/\/academia.uaa.mx\/seminariodenutricion\/wp-json\/wp\/v2\/pages"}],"about":[{"href":"https:\/\/academia.uaa.mx\/seminariodenutricion\/wp-json\/wp\/v2\/types\/page"}],"author":[{"embeddable":true,"href":"https:\/\/academia.uaa.mx\/seminariodenutricion\/wp-json\/wp\/v2\/users\/1"}],"replies":[{"embeddable":true,"href":"https:\/\/academia.uaa.mx\/seminariodenutricion\/wp-json\/wp\/v2\/comments?post=39"}],"version-history":[{"count":15,"href":"https:\/\/academia.uaa.mx\/seminariodenutricion\/wp-json\/wp\/v2\/pages\/39\/revisions"}],"predecessor-version":[{"id":193,"href":"https:\/\/academia.uaa.mx\/seminariodenutricion\/wp-json\/wp\/v2\/pages\/39\/revisions\/193"}],"wp:attachment":[{"href":"https:\/\/academia.uaa.mx\/seminariodenutricion\/wp-json\/wp\/v2\/media?parent=39"}],"curies":[{"name":"wp","href":"https:\/\/api.w.org\/{rel}","templated":true}]}}